{"id":1026,"date":"2023-07-28T16:55:39","date_gmt":"2023-07-28T14:55:39","guid":{"rendered":"https:\/\/lloguers.kayakingcostabrava.com\/product\/paddle-individual\/"},"modified":"2025-07-10T16:04:59","modified_gmt":"2025-07-10T14:04:59","slug":"portlligat-paddle-individual","status":"publish","type":"product","link":"https:\/\/lloguers.kayakingcostabrava.com\/es\/producto\/portlligat-paddle-individual\/","title":{"rendered":"Paddle Surf"},"content":{"rendered":"<p>En <strong>Portlligat<\/strong> se puede disfrutar del <strong>Parque Natural del Cap de Creus<\/strong>, un espacio natural de primer orden con una peculiar configuraci\u00f3n geol\u00f3gica y climatol\u00f3gica que conforman un paisaje muy singular.<\/p>\n","protected":false},"excerpt":{"rendered":"<p><strong>Ubicaci\u00f3n: <\/strong>Portlligat<br \/>\n<strong>Horario:<\/strong> 9h* \u2013 19h<br \/>\n(*) Durante los meses de junio y septiembre, recomendamos llamar a la oficina (972 773 806) para comprobar los horarios de apertura.<br \/>\n<i><\/i><\/p>\n<ul>\n<li><i>A partir de 14 a\u00f1os<\/i><\/li>\n<li><i>Los menores de edad necesitan la autorizaci\u00f3n de un adulto responsable para salir solos<\/i><\/li>\n<\/ul>\n<p><strong>Precios:<\/strong><\/p>\n<ul>\n<li>1 hora: 15 \u20ac<\/li>\n<li>2 horas: 30 \u20ac<\/li>\n<li>Pack medio d\u00eda (3 a 4 horas): 38 \u20ac<\/li>\n<li>Pack d\u00eda entero (5 a 9 horas): 50 \u20ac<\/li>\n<\/ul>\n","protected":false},"featured_media":1440,"comment_status":"closed","ping_status":"closed","template":"","meta":[],"product_brand":[],"product_cat":[41],"product_tag":[39],"class_list":{"0":"post-1026","1":"product","2":"type-product","3":"status-publish","4":"has-post-thumbnail","6":"product_cat-portlligat-lloguer-es-2","7":"product_tag-individual-es","8":"post","9":"with-featured-image","11":"first","12":"instock","13":"virtual","14":"taxable","15":"product-type-simple"},"_links":{"self":[{"href":"https:\/\/lloguers.kayakingcostabrava.com\/es\/wp-json\/wp\/v2\/product\/1026","targetHints":{"allow":["GET"]}}],"collection":[{"href":"https:\/\/lloguers.kayakingcostabrava.com\/es\/wp-json\/wp\/v2\/product"}],"about":[{"href":"https:\/\/lloguers.kayakingcostabrava.com\/es\/wp-json\/wp\/v2\/types\/product"}],"replies":[{"embeddable":true,"href":"https:\/\/lloguers.kayakingcostabrava.com\/es\/wp-json\/wp\/v2\/comments?post=1026"}],"wp:featuredmedia":[{"embeddable":true,"href":"https:\/\/lloguers.kayakingcostabrava.com\/es\/wp-json\/wp\/v2\/media\/1440"}],"wp:attachment":[{"href":"https:\/\/lloguers.kayakingcostabrava.com\/es\/wp-json\/wp\/v2\/media?parent=1026"}],"wp:term":[{"taxonomy":"product_brand","embeddable":true,"href":"https:\/\/lloguers.kayakingcostabrava.com\/es\/wp-json\/wp\/v2\/product_brand?post=1026"},{"taxonomy":"product_cat","embeddable":true,"href":"https:\/\/lloguers.kayakingcostabrava.com\/es\/wp-json\/wp\/v2\/product_cat?post=1026"},{"taxonomy":"product_tag","embeddable":true,"href":"https:\/\/lloguers.kayakingcostabrava.com\/es\/wp-json\/wp\/v2\/product_tag?post=1026"}],"curies":[{"name":"wp","href":"https:\/\/api.w.org\/{rel}","templated":true}]}}