{"id":1033,"date":"2021-04-24T19:32:37","date_gmt":"2021-04-24T17:32:37","guid":{"rendered":"https:\/\/lloguers.kayakingcostabrava.com\/?post_type=product&#038;p=1033"},"modified":"2025-07-18T12:54:55","modified_gmt":"2025-07-18T10:54:55","slug":"kayak-familiar","status":"publish","type":"product","link":"https:\/\/lloguers.kayakingcostabrava.com\/es\/producto\/kayak-familiar\/","title":{"rendered":"Kayak Familiar"},"content":{"rendered":"<p>Saliendo desde <strong>Portlligat<\/strong> podr\u00e1 elegir entre diferentes recorridos por el <strong>Parque Natural del Cabo de Creus,<\/strong> un espacio natural de primer orden con una geolog\u00eda y una climatolog\u00eda peculiares que moldean un paisaje \u00fanico.<\/p>\n","protected":false},"excerpt":{"rendered":"<p><strong>Ubicaci\u00f3:<\/strong> Port Lligat<\/p>\n<p><strong>Horario:<\/strong>\u00a09h* \u2013 19h<br \/>\n(*) Durante los meses de junio y septiembre, recomendamos llamar a la oficina (972 773 806) para comprobar los horarios de apertura.<\/p>\n<ul>\n<li><i>2 adultos y 2 ni\u00f1os de 1 m de altura<\/i><\/li>\n<\/ul>\n<p><strong>Precios:<\/strong><\/p>\n<ul>\n<li>1 hora: 28 \u20ac<\/li>\n<li>2 hores: 56 \u20ac<\/li>\n<li>Pack medio d\u00eda (3 a 4 hores): 75 \u20ac<\/li>\n<li>Pack 1 d\u00eda (5 a 9 hores): 115 \u20ac<\/li>\n<\/ul>\n","protected":false},"featured_media":1391,"comment_status":"closed","ping_status":"closed","template":"","meta":[],"product_brand":[],"product_cat":[41],"product_tag":[38],"class_list":{"0":"post-1033","1":"product","2":"type-product","3":"status-publish","4":"has-post-thumbnail","6":"product_cat-portlligat-lloguer-es-2","7":"product_tag-familiar-es","8":"post","9":"with-featured-image","11":"first","12":"instock","13":"virtual","14":"taxable","15":"product-type-simple"},"_links":{"self":[{"href":"https:\/\/lloguers.kayakingcostabrava.com\/es\/wp-json\/wp\/v2\/product\/1033","targetHints":{"allow":["GET"]}}],"collection":[{"href":"https:\/\/lloguers.kayakingcostabrava.com\/es\/wp-json\/wp\/v2\/product"}],"about":[{"href":"https:\/\/lloguers.kayakingcostabrava.com\/es\/wp-json\/wp\/v2\/types\/product"}],"replies":[{"embeddable":true,"href":"https:\/\/lloguers.kayakingcostabrava.com\/es\/wp-json\/wp\/v2\/comments?post=1033"}],"wp:featuredmedia":[{"embeddable":true,"href":"https:\/\/lloguers.kayakingcostabrava.com\/es\/wp-json\/wp\/v2\/media\/1391"}],"wp:attachment":[{"href":"https:\/\/lloguers.kayakingcostabrava.com\/es\/wp-json\/wp\/v2\/media?parent=1033"}],"wp:term":[{"taxonomy":"product_brand","embeddable":true,"href":"https:\/\/lloguers.kayakingcostabrava.com\/es\/wp-json\/wp\/v2\/product_brand?post=1033"},{"taxonomy":"product_cat","embeddable":true,"href":"https:\/\/lloguers.kayakingcostabrava.com\/es\/wp-json\/wp\/v2\/product_cat?post=1033"},{"taxonomy":"product_tag","embeddable":true,"href":"https:\/\/lloguers.kayakingcostabrava.com\/es\/wp-json\/wp\/v2\/product_tag?post=1033"}],"curies":[{"name":"wp","href":"https:\/\/api.w.org\/{rel}","templated":true}]}}