{"id":1147,"date":"2021-04-24T18:16:51","date_gmt":"2021-04-24T16:16:51","guid":{"rendered":"https:\/\/lloguers.kayakingcostabrava.com\/product\/kayak-familiar-2\/"},"modified":"2025-07-18T12:55:22","modified_gmt":"2025-07-18T10:55:22","slug":"platja-de-castell-kayak-familiar","status":"publish","type":"product","link":"https:\/\/lloguers.kayakingcostabrava.com\/es\/producto\/platja-de-castell-kayak-familiar\/","title":{"rendered":"Kayak Familiar"},"content":{"rendered":"<p>En el paraje de <strong>Castell \u2013 Cap Roig<\/strong> disfrutamos de un entorno \u00fanico, que ofrece uno de los conjuntos de calas y peque\u00f1as playas m\u00e1s paradis\u00edacas y v\u00edrgenes de toda la<strong> Costa Brava<\/strong>. Salvado \u2018in-extremis\u2019 de la urbanizaci\u00f3n, encontramos un paisaje mediterr\u00e1neo id\u00edlico y afortunadamente protegido.<\/p>\n","protected":false},"excerpt":{"rendered":"<p><strong>Ubicaci\u00f3n:<\/strong> Platja del Castell<\/p>\n<p><strong>Horario:<\/strong>\u00a09h* \u2013 19h<br \/>\n(*) Durante los meses de junio y septiembre, recomendamos llamar a la oficina (972 773 806) para comprobar los horarios de apertura.<\/p>\n<ul>\n<li><i>2 adultos y 2 ni\u00f1os de 1 m de altura<\/i><\/li>\n<\/ul>\n<p><strong>Precios:<\/strong><\/p>\n<ul>\n<li>1 hora: 28 \u20ac<\/li>\n<li>2 horas: 56 \u20ac<\/li>\n<li>Pack medio d\u00eda (3 a 4 horas ): 75 \u20ac<\/li>\n<li>Pack 1 d\u00eda (5 a 9 horas ): 115 \u20ac<\/li>\n<\/ul>\n","protected":false},"featured_media":1391,"comment_status":"closed","ping_status":"closed","template":"","meta":[],"product_brand":[],"product_cat":[42],"product_tag":[38],"class_list":{"0":"post-1147","1":"product","2":"type-product","3":"status-publish","4":"has-post-thumbnail","6":"product_cat-castell-lloguer-es","7":"product_tag-familiar-es","8":"post","9":"with-featured-image","11":"first","12":"instock","13":"virtual","14":"taxable","15":"product-type-simple"},"_links":{"self":[{"href":"https:\/\/lloguers.kayakingcostabrava.com\/es\/wp-json\/wp\/v2\/product\/1147","targetHints":{"allow":["GET"]}}],"collection":[{"href":"https:\/\/lloguers.kayakingcostabrava.com\/es\/wp-json\/wp\/v2\/product"}],"about":[{"href":"https:\/\/lloguers.kayakingcostabrava.com\/es\/wp-json\/wp\/v2\/types\/product"}],"replies":[{"embeddable":true,"href":"https:\/\/lloguers.kayakingcostabrava.com\/es\/wp-json\/wp\/v2\/comments?post=1147"}],"wp:featuredmedia":[{"embeddable":true,"href":"https:\/\/lloguers.kayakingcostabrava.com\/es\/wp-json\/wp\/v2\/media\/1391"}],"wp:attachment":[{"href":"https:\/\/lloguers.kayakingcostabrava.com\/es\/wp-json\/wp\/v2\/media?parent=1147"}],"wp:term":[{"taxonomy":"product_brand","embeddable":true,"href":"https:\/\/lloguers.kayakingcostabrava.com\/es\/wp-json\/wp\/v2\/product_brand?post=1147"},{"taxonomy":"product_cat","embeddable":true,"href":"https:\/\/lloguers.kayakingcostabrava.com\/es\/wp-json\/wp\/v2\/product_cat?post=1147"},{"taxonomy":"product_tag","embeddable":true,"href":"https:\/\/lloguers.kayakingcostabrava.com\/es\/wp-json\/wp\/v2\/product_tag?post=1147"}],"curies":[{"name":"wp","href":"https:\/\/api.w.org\/{rel}","templated":true}]}}