{"id":1149,"date":"2021-04-24T11:42:03","date_gmt":"2021-04-24T09:42:03","guid":{"rendered":"https:\/\/lloguers.kayakingcostabrava.com\/product\/kayak-doble\/"},"modified":"2025-07-10T18:08:41","modified_gmt":"2025-07-10T16:08:41","slug":"platja-de-castell-kayak-doble","status":"publish","type":"product","link":"https:\/\/lloguers.kayakingcostabrava.com\/es\/producto\/platja-de-castell-kayak-doble\/","title":{"rendered":"Kayak Doble"},"content":{"rendered":"<p>En el paraje de <strong>Castell \u2013 Cap Roig<\/strong> disfrutamos de un entorno \u00fanico, que ofrece uno de los conjuntos de calas y peque\u00f1as playas m\u00e1s paradis\u00edacas y v\u00edrgenes de toda la <strong>Costa Brava<\/strong>. Salvado \u2018in-extremis\u2019 de la urbanizaci\u00f3n, encontramos un paisaje mediterr\u00e1neo id\u00edlico y afortunadamente protegido.<\/p>\n","protected":false},"excerpt":{"rendered":"<p><strong>Ubicaci\u00f3n:<\/strong> Platja del Castell<\/p>\n<p><strong>Horario:<\/strong>\u00a09h* \u2013 19h<br \/>\n(*) Durante los meses de junio y septiembre, recomendamos llamar a la oficina (972 773 806) para comprobar los horarios de apertura.<br \/>\n<i><\/i><\/p>\n<p><strong>Precios:<\/strong><\/p>\n<ul>\n<li>1 hora: 21 \u20ac<\/li>\n<li>2 horas: 42 \u20ac<\/li>\n<li>Pack medio d\u00eda (3 a 4 horas): 55 \u20ac<\/li>\n<li>Pack 1 d\u00eda (5 a 9 horas): 83 \u20ac<\/li>\n<\/ul>\n","protected":false},"featured_media":1387,"comment_status":"closed","ping_status":"closed","template":"","meta":[],"product_brand":[],"product_cat":[42],"product_tag":[37],"class_list":{"0":"post-1149","1":"product","2":"type-product","3":"status-publish","4":"has-post-thumbnail","6":"product_cat-castell-lloguer-es","7":"product_tag-doble-es","8":"post","9":"with-featured-image","11":"first","12":"instock","13":"taxable","14":"shipping-taxable","15":"product-type-simple"},"_links":{"self":[{"href":"https:\/\/lloguers.kayakingcostabrava.com\/es\/wp-json\/wp\/v2\/product\/1149","targetHints":{"allow":["GET"]}}],"collection":[{"href":"https:\/\/lloguers.kayakingcostabrava.com\/es\/wp-json\/wp\/v2\/product"}],"about":[{"href":"https:\/\/lloguers.kayakingcostabrava.com\/es\/wp-json\/wp\/v2\/types\/product"}],"replies":[{"embeddable":true,"href":"https:\/\/lloguers.kayakingcostabrava.com\/es\/wp-json\/wp\/v2\/comments?post=1149"}],"wp:featuredmedia":[{"embeddable":true,"href":"https:\/\/lloguers.kayakingcostabrava.com\/es\/wp-json\/wp\/v2\/media\/1387"}],"wp:attachment":[{"href":"https:\/\/lloguers.kayakingcostabrava.com\/es\/wp-json\/wp\/v2\/media?parent=1149"}],"wp:term":[{"taxonomy":"product_brand","embeddable":true,"href":"https:\/\/lloguers.kayakingcostabrava.com\/es\/wp-json\/wp\/v2\/product_brand?post=1149"},{"taxonomy":"product_cat","embeddable":true,"href":"https:\/\/lloguers.kayakingcostabrava.com\/es\/wp-json\/wp\/v2\/product_cat?post=1149"},{"taxonomy":"product_tag","embeddable":true,"href":"https:\/\/lloguers.kayakingcostabrava.com\/es\/wp-json\/wp\/v2\/product_tag?post=1149"}],"curies":[{"name":"wp","href":"https:\/\/api.w.org\/{rel}","templated":true}]}}