{"id":1165,"date":"2021-04-24T19:30:18","date_gmt":"2021-04-24T17:30:18","guid":{"rendered":"https:\/\/lloguers.kayakingcostabrava.com\/product\/kayak-doble\/"},"modified":"2025-07-10T17:02:19","modified_gmt":"2025-07-10T15:02:19","slug":"port-lligat-kayak-doble","status":"publish","type":"product","link":"https:\/\/lloguers.kayakingcostabrava.com\/es\/producto\/port-lligat-kayak-doble\/","title":{"rendered":"Kayak Doble"},"content":{"rendered":"<p>Saliendo desde <strong>Portlligat<\/strong> podr\u00e1 elegir entre diferentes recorridos por el <strong>Parque Natural del Cabo de Creus,<\/strong> un espacio natural de primer orden con una geolog\u00eda y una climatolog\u00eda peculiares que moldean un paisaje \u00fanico.<\/p>\n","protected":false},"excerpt":{"rendered":"<p><strong>Ubicaci\u00f3n<\/strong>: Port Lligat<\/p>\n<p><strong>Horario:<\/strong>\u00a09h* \u2013 19h<br \/>\n(*) Durante los meses de junio y septiembre, recomendamos llamar a la oficina (972 773 806) para comprobar los horarios de apertura.<br \/>\n<i><\/i><\/p>\n<p><strong>Precios:<\/strong><\/p>\n<ul>\n<li>1 hora: 21 \u20ac<\/li>\n<li>2 horas: 42 \u20ac<\/li>\n<li>Pack medio d\u00eda (3 a 4 horas): 55 \u20ac<\/li>\n<li>Pack 1 d\u00eda (5 a 9 horas): 83 \u20ac<\/li>\n<\/ul>\n","protected":false},"featured_media":1387,"comment_status":"closed","ping_status":"closed","template":"","meta":[],"product_brand":[],"product_cat":[41],"product_tag":[37],"class_list":{"0":"post-1165","1":"product","2":"type-product","3":"status-publish","4":"has-post-thumbnail","6":"product_cat-portlligat-lloguer-es-2","7":"product_tag-doble-es","8":"post","9":"with-featured-image","11":"first","12":"instock","13":"virtual","14":"taxable","15":"product-type-simple"},"_links":{"self":[{"href":"https:\/\/lloguers.kayakingcostabrava.com\/es\/wp-json\/wp\/v2\/product\/1165","targetHints":{"allow":["GET"]}}],"collection":[{"href":"https:\/\/lloguers.kayakingcostabrava.com\/es\/wp-json\/wp\/v2\/product"}],"about":[{"href":"https:\/\/lloguers.kayakingcostabrava.com\/es\/wp-json\/wp\/v2\/types\/product"}],"replies":[{"embeddable":true,"href":"https:\/\/lloguers.kayakingcostabrava.com\/es\/wp-json\/wp\/v2\/comments?post=1165"}],"wp:featuredmedia":[{"embeddable":true,"href":"https:\/\/lloguers.kayakingcostabrava.com\/es\/wp-json\/wp\/v2\/media\/1387"}],"wp:attachment":[{"href":"https:\/\/lloguers.kayakingcostabrava.com\/es\/wp-json\/wp\/v2\/media?parent=1165"}],"wp:term":[{"taxonomy":"product_brand","embeddable":true,"href":"https:\/\/lloguers.kayakingcostabrava.com\/es\/wp-json\/wp\/v2\/product_brand?post=1165"},{"taxonomy":"product_cat","embeddable":true,"href":"https:\/\/lloguers.kayakingcostabrava.com\/es\/wp-json\/wp\/v2\/product_cat?post=1165"},{"taxonomy":"product_tag","embeddable":true,"href":"https:\/\/lloguers.kayakingcostabrava.com\/es\/wp-json\/wp\/v2\/product_tag?post=1165"}],"curies":[{"name":"wp","href":"https:\/\/api.w.org\/{rel}","templated":true}]}}