{"id":1168,"date":"2021-04-24T19:28:34","date_gmt":"2021-04-24T17:28:34","guid":{"rendered":"https:\/\/lloguers.kayakingcostabrava.com\/product\/kayak-individual\/"},"modified":"2025-07-11T16:43:16","modified_gmt":"2025-07-11T14:43:16","slug":"port-lligat-kayak-individual","status":"publish","type":"product","link":"https:\/\/lloguers.kayakingcostabrava.com\/es\/producto\/port-lligat-kayak-individual\/","title":{"rendered":"Kayak Individual"},"content":{"rendered":"<p>Saliendo desde <strong>Portlligat<\/strong> podr\u00e1 elegir entre diferentes recorridos por el <strong>Parque Natural del Cap de Creus,<\/strong> un espacio natural de primer orden con una geolog\u00eda y una climatolog\u00eda peculiares que moldean un paisaje \u00fanico.<\/p>\n","protected":false},"excerpt":{"rendered":"<p><strong>Ubicaci\u00f3n: <\/strong>Portlligat<\/p>\n<p><strong>Horario:<\/strong>\u00a09h* \u2013 19h<br \/>\n(*) Durante los meses de junio y septiembre, recomendamos llamar a la oficina (972 773 806) para comprobar los horarios de apertura.<br \/>\n<i><\/i><\/p>\n<ul>\n<li><i>A partir de 14 a\u00f1os<\/i><\/li>\n<li><i>Los menores de edad necesitan la autorizaci\u00f3n de un adulto responsable para salir solos<\/i><\/li>\n<\/ul>\n<p><strong>Precios:<\/strong><\/p>\n<ul>\n<li>1 hora: 15 \u20ac<\/li>\n<li>2 horas: 30 \u20ac<\/li>\n<li>Pack medio d\u00eda (3 a 4 horas): 38 \u20ac<\/li>\n<li>Pack d\u00eda entero (5 a 9 horas): 50 \u20ac<\/li>\n<\/ul>\n","protected":false},"featured_media":1395,"comment_status":"closed","ping_status":"closed","template":"","meta":[],"product_brand":[],"product_cat":[41],"product_tag":[39],"class_list":{"0":"post-1168","1":"product","2":"type-product","3":"status-publish","4":"has-post-thumbnail","6":"product_cat-portlligat-lloguer-es-2","7":"product_tag-individual-es","8":"post","9":"with-featured-image","11":"first","12":"instock","13":"virtual","14":"taxable","15":"product-type-simple"},"_links":{"self":[{"href":"https:\/\/lloguers.kayakingcostabrava.com\/es\/wp-json\/wp\/v2\/product\/1168","targetHints":{"allow":["GET"]}}],"collection":[{"href":"https:\/\/lloguers.kayakingcostabrava.com\/es\/wp-json\/wp\/v2\/product"}],"about":[{"href":"https:\/\/lloguers.kayakingcostabrava.com\/es\/wp-json\/wp\/v2\/types\/product"}],"replies":[{"embeddable":true,"href":"https:\/\/lloguers.kayakingcostabrava.com\/es\/wp-json\/wp\/v2\/comments?post=1168"}],"wp:featuredmedia":[{"embeddable":true,"href":"https:\/\/lloguers.kayakingcostabrava.com\/es\/wp-json\/wp\/v2\/media\/1395"}],"wp:attachment":[{"href":"https:\/\/lloguers.kayakingcostabrava.com\/es\/wp-json\/wp\/v2\/media?parent=1168"}],"wp:term":[{"taxonomy":"product_brand","embeddable":true,"href":"https:\/\/lloguers.kayakingcostabrava.com\/es\/wp-json\/wp\/v2\/product_brand?post=1168"},{"taxonomy":"product_cat","embeddable":true,"href":"https:\/\/lloguers.kayakingcostabrava.com\/es\/wp-json\/wp\/v2\/product_cat?post=1168"},{"taxonomy":"product_tag","embeddable":true,"href":"https:\/\/lloguers.kayakingcostabrava.com\/es\/wp-json\/wp\/v2\/product_tag?post=1168"}],"curies":[{"name":"wp","href":"https:\/\/api.w.org\/{rel}","templated":true}]}}