{"id":1056,"date":"2021-06-24T12:42:04","date_gmt":"2021-06-24T10:42:04","guid":{"rendered":"https:\/\/lloguers.kayakingcostabrava.com\/base-castell\/"},"modified":"2025-08-25T15:38:24","modified_gmt":"2025-08-25T13:38:24","slug":"base-castell","status":"publish","type":"page","link":"https:\/\/lloguers.kayakingcostabrava.com\/fr\/base-castell\/","title":{"rendered":"Castell"},"content":{"rendered":"<p>[display_banner base=\u00a0\u00bbcastell\u00a0\u00bb]<\/p><style>.kb-row-layout-id1056_da12a3-84 > .kt-row-column-wrap{align-content:start;}:where(.kb-row-layout-id1056_da12a3-84 > .kt-row-column-wrap) > .wp-block-kadence-column{justify-content:start;}.kb-row-layout-id1056_da12a3-84 > .kt-row-column-wrap{column-gap:var(--global-kb-gap-md, 2rem);row-gap:var(--global-kb-gap-md, 2rem);padding-top:100px;padding-bottom:25px;grid-template-columns:minmax(0, 1fr) minmax(0, 2fr);}.kb-row-layout-id1056_da12a3-84 > .kt-row-layout-overlay{opacity:0.30;}@media all and (max-width: 1024px){.kb-row-layout-id1056_da12a3-84 > .kt-row-column-wrap{grid-template-columns:minmax(0, 1fr) minmax(0, 2fr);}}@media all and (max-width: 767px){.kb-row-layout-id1056_da12a3-84 > .kt-row-column-wrap{grid-template-columns:minmax(0, 1fr);}}<\/style><div class=\"kb-row-layout-wrap kb-row-layout-id1056_da12a3-84 alignnone wp-block-kadence-rowlayout\"><div class=\"kt-row-column-wrap kt-has-2-columns kt-row-layout-right-golden kt-tab-layout-inherit kt-mobile-layout-row kt-row-valign-top\">\n<style>.kadence-column1056_822b20-41 > .kt-inside-inner-col,.kadence-column1056_822b20-41 > .kt-inside-inner-col:before{border-top-left-radius:0px;border-top-right-radius:0px;border-bottom-right-radius:0px;border-bottom-left-radius:0px;}.kadence-column1056_822b20-41 > .kt-inside-inner-col{column-gap:var(--global-kb-gap-sm, 1rem);}.kadence-column1056_822b20-41 > .kt-inside-inner-col{flex-direction:column;}.kadence-column1056_822b20-41 > .kt-inside-inner-col > .aligncenter{width:100%;}.kadence-column1056_822b20-41 > .kt-inside-inner-col:before{opacity:0.3;}.kadence-column1056_822b20-41{position:relative;}@media all and (max-width: 1024px){.kadence-column1056_822b20-41 > .kt-inside-inner-col{flex-direction:column;}}@media all and (max-width: 767px){.kadence-column1056_822b20-41 > .kt-inside-inner-col{flex-direction:column;}}<\/style>\n<div class=\"wp-block-kadence-column kadence-column1056_822b20-41 inner-column-1\"><div class=\"kt-inside-inner-col\"><h1 class=\"wp-block-heading has-text-align-left\">Platja de Castell. Palam\u00f3s<\/h1>\n\n<p>Au site de <strong>Castell \u2013 Cap Roig<\/strong> vous profiterez d\u2019un environnement unique et de l\u2019une des criques les plus paradisiaques et les plus vierges de toute la <strong>Costa Brava<\/strong>. Sauv\u00e9 in-extremis de l\u2019urbanisation, ce paysage m\u00e9diterran\u00e9en idyllique est heureusement pr\u00e9serv\u00e9 \u00e0 l\u2019heure actuelle.<\/p>\n\n<guidap-activity-reserve-button activity-uuid=\"CnT0mIkYrySARG59osjMBLfipObtv871N2FX\"><\/guidap-activity-reserve-button><\/div><\/div>\n\n<style>.kadence-column1056_ce5362-b9 > .kt-inside-inner-col,.kadence-column1056_ce5362-b9 > .kt-inside-inner-col:before{border-top-left-radius:0px;border-top-right-radius:0px;border-bottom-right-radius:0px;border-bottom-left-radius:0px;}.kadence-column1056_ce5362-b9 > .kt-inside-inner-col{column-gap:var(--global-kb-gap-sm, 1rem);}.kadence-column1056_ce5362-b9 > .kt-inside-inner-col{flex-direction:column;}.kadence-column1056_ce5362-b9 > .kt-inside-inner-col > .aligncenter{width:100%;}.kadence-column1056_ce5362-b9 > .kt-inside-inner-col:before{opacity:0.3;}.kadence-column1056_ce5362-b9{position:relative;}@media all and (max-width: 1024px){.kadence-column1056_ce5362-b9 > .kt-inside-inner-col{flex-direction:column;}}@media all and (max-width: 767px){.kadence-column1056_ce5362-b9 > .kt-inside-inner-col{flex-direction:column;}}<\/style>\n<div class=\"wp-block-kadence-column kadence-column1056_ce5362-b9 inner-column-2\"><div class=\"kt-inside-inner-col\"><div data-block-name=\"woocommerce\/product-category\" data-categories=\"[58]\" data-columns=\"4\" data-orderby=\"title\" data-rows=\"2\" class=\"wc-block-grid wp-block-product-category wp-block-woocommerce-product-category wc-block-product-category has-4-columns has-multiple-rows\"><ul class=\"wc-block-grid__products\"><li class=\"wc-block-grid__product\">\n\t\t\t\t<a href=\"https:\/\/lloguers.kayakingcostabrava.com\/fr\/produit\/platja-de-castell-kayak-doble\/\" class=\"wc-block-grid__product-link\">\n\t\t\t\t\t\n\t\t\t\t\t<div class=\"wc-block-grid__product-image\"><img loading=\"lazy\" decoding=\"async\" width=\"300\" height=\"300\" src=\"https:\/\/lloguers.kayakingcostabrava.com\/wp-content\/uploads\/2024\/04\/kayack_doble-300x300.webp\" class=\"attachment-woocommerce_thumbnail size-woocommerce_thumbnail\" alt=\"Doble: (FeelFree - Gemini)\" srcset=\"https:\/\/lloguers.kayakingcostabrava.com\/wp-content\/uploads\/2024\/04\/kayack_doble-300x300.webp 300w, https:\/\/lloguers.kayakingcostabrava.com\/wp-content\/uploads\/2024\/04\/kayack_doble-150x150.webp 150w, https:\/\/lloguers.kayakingcostabrava.com\/wp-content\/uploads\/2024\/04\/kayack_doble-768x768.webp 768w, https:\/\/lloguers.kayakingcostabrava.com\/wp-content\/uploads\/2024\/04\/kayack_doble-600x600.webp 600w, https:\/\/lloguers.kayakingcostabrava.com\/wp-content\/uploads\/2024\/04\/kayack_doble-100x100.webp 100w, https:\/\/lloguers.kayakingcostabrava.com\/wp-content\/uploads\/2024\/04\/kayack_doble.webp 800w\" sizes=\"auto, (max-width: 300px) 100vw, 300px\" \/><\/div>\n\t\t\t\t\t<div class=\"wc-block-grid__product-title\">Kayak Biplace<\/div>\n\t\t\t\t<\/a>\n\t\t\t\t<div class=\"wc-block-grid__product-price price\">De <span class=\"woocommerce-Price-amount amount\">21,00<span class=\"woocommerce-Price-currencySymbol\">&euro;<\/span><\/span> <small class=\"woocommerce-price-suffix\">(IVA inc.)<\/small><\/div>\n\t\t\t\t\n\t\t\t\t<div class=\"wp-block-button wc-block-grid__product-add-to-cart\"><a href=\"https:\/\/lloguers.kayakingcostabrava.com\/fr\/produit\/platja-de-castell-kayak-doble\/\" aria-label=\"En savoir plus sur &ldquo;Kayak Biplace&rdquo;\" data-quantity=\"1\" data-product_id=\"1150\" data-product_sku=\"\" data-price=\"21\" rel=\"nofollow\" class=\"wp-block-button__link  add_to_cart_button\">Lire la suite<\/a><\/div>\n\t\t\t<\/li><li class=\"wc-block-grid__product\">\n\t\t\t\t<a href=\"https:\/\/lloguers.kayakingcostabrava.com\/fr\/produit\/platja-de-castell-kayak-familiar\/\" class=\"wc-block-grid__product-link\">\n\t\t\t\t\t\n\t\t\t\t\t<div class=\"wc-block-grid__product-image\"><img loading=\"lazy\" decoding=\"async\" width=\"300\" height=\"300\" src=\"https:\/\/lloguers.kayakingcostabrava.com\/wp-content\/uploads\/2024\/04\/kayack_familiar-300x300.webp\" class=\"attachment-woocommerce_thumbnail size-woocommerce_thumbnail\" alt=\"kayack Individual: Perception - Pescador 120\" srcset=\"https:\/\/lloguers.kayakingcostabrava.com\/wp-content\/uploads\/2024\/04\/kayack_familiar-300x300.webp 300w, https:\/\/lloguers.kayakingcostabrava.com\/wp-content\/uploads\/2024\/04\/kayack_familiar-150x150.webp 150w, https:\/\/lloguers.kayakingcostabrava.com\/wp-content\/uploads\/2024\/04\/kayack_familiar-768x768.webp 768w, https:\/\/lloguers.kayakingcostabrava.com\/wp-content\/uploads\/2024\/04\/kayack_familiar-600x600.webp 600w, https:\/\/lloguers.kayakingcostabrava.com\/wp-content\/uploads\/2024\/04\/kayack_familiar-100x100.webp 100w, https:\/\/lloguers.kayakingcostabrava.com\/wp-content\/uploads\/2024\/04\/kayack_familiar.webp 800w\" sizes=\"auto, (max-width: 300px) 100vw, 300px\" \/><\/div>\n\t\t\t\t\t<div class=\"wc-block-grid__product-title\">Kayak Familial<\/div>\n\t\t\t\t<\/a>\n\t\t\t\t<div class=\"wc-block-grid__product-price price\">De <span class=\"woocommerce-Price-amount amount\">28,00<span class=\"woocommerce-Price-currencySymbol\">&euro;<\/span><\/span> <small class=\"woocommerce-price-suffix\">(IVA inc.)<\/small><\/div>\n\t\t\t\t\n\t\t\t\t<div class=\"wp-block-button wc-block-grid__product-add-to-cart\"><a href=\"https:\/\/lloguers.kayakingcostabrava.com\/fr\/produit\/platja-de-castell-kayak-familiar\/\" aria-label=\"En savoir plus sur &ldquo;Kayak Familial&rdquo;\" data-quantity=\"1\" data-product_id=\"1146\" data-product_sku=\"\" data-price=\"28\" rel=\"nofollow\" class=\"wp-block-button__link  add_to_cart_button\">Lire la suite<\/a><\/div>\n\t\t\t<\/li><li class=\"wc-block-grid__product\">\n\t\t\t\t<a href=\"https:\/\/lloguers.kayakingcostabrava.com\/fr\/produit\/platja-de-castell-kayak-individual\/\" class=\"wc-block-grid__product-link\">\n\t\t\t\t\t\n\t\t\t\t\t<div class=\"wc-block-grid__product-image\"><img loading=\"lazy\" decoding=\"async\" width=\"300\" height=\"300\" src=\"https:\/\/lloguers.kayakingcostabrava.com\/wp-content\/uploads\/2024\/04\/kayack_individual-300x300.webp\" class=\"attachment-woocommerce_thumbnail size-woocommerce_thumbnail\" alt=\"kayack Individual: Perception - Pescador 120\" srcset=\"https:\/\/lloguers.kayakingcostabrava.com\/wp-content\/uploads\/2024\/04\/kayack_individual-300x300.webp 300w, https:\/\/lloguers.kayakingcostabrava.com\/wp-content\/uploads\/2024\/04\/kayack_individual-150x150.webp 150w, https:\/\/lloguers.kayakingcostabrava.com\/wp-content\/uploads\/2024\/04\/kayack_individual-768x768.webp 768w, https:\/\/lloguers.kayakingcostabrava.com\/wp-content\/uploads\/2024\/04\/kayack_individual-600x600.webp 600w, https:\/\/lloguers.kayakingcostabrava.com\/wp-content\/uploads\/2024\/04\/kayack_individual-100x100.webp 100w, https:\/\/lloguers.kayakingcostabrava.com\/wp-content\/uploads\/2024\/04\/kayack_individual.webp 800w\" sizes=\"auto, (max-width: 300px) 100vw, 300px\" \/><\/div>\n\t\t\t\t\t<div class=\"wc-block-grid__product-title\">Kayak monoplace<\/div>\n\t\t\t\t<\/a>\n\t\t\t\t<div class=\"wc-block-grid__product-price price\">De <span class=\"woocommerce-Price-amount amount\">15,00<span class=\"woocommerce-Price-currencySymbol\">&euro;<\/span><\/span> <small class=\"woocommerce-price-suffix\">(IVA inc.)<\/small><\/div>\n\t\t\t\t\n\t\t\t\t<div class=\"wp-block-button wc-block-grid__product-add-to-cart\"><a href=\"https:\/\/lloguers.kayakingcostabrava.com\/fr\/produit\/platja-de-castell-kayak-individual\/\" aria-label=\"En savoir plus sur &ldquo;Kayak monoplace&rdquo;\" data-quantity=\"1\" data-product_id=\"1152\" data-product_sku=\"\" data-price=\"15\" rel=\"nofollow\" class=\"wp-block-button__link  add_to_cart_button\">Lire la suite<\/a><\/div>\n\t\t\t<\/li><li class=\"wc-block-grid__product\">\n\t\t\t\t<a href=\"https:\/\/lloguers.kayakingcostabrava.com\/fr\/produit\/platja-de-castell-paddle-individual\/\" class=\"wc-block-grid__product-link\">\n\t\t\t\t\t\n\t\t\t\t\t<div class=\"wc-block-grid__product-image\"><img loading=\"lazy\" decoding=\"async\" width=\"300\" height=\"300\" src=\"https:\/\/lloguers.kayakingcostabrava.com\/wp-content\/uploads\/2023\/07\/producto_paddle-300x300.webp\" class=\"attachment-woocommerce_thumbnail size-woocommerce_thumbnail\" alt=\"Paddle\" srcset=\"https:\/\/lloguers.kayakingcostabrava.com\/wp-content\/uploads\/2023\/07\/producto_paddle-300x300.webp 300w, https:\/\/lloguers.kayakingcostabrava.com\/wp-content\/uploads\/2023\/07\/producto_paddle-150x150.webp 150w, https:\/\/lloguers.kayakingcostabrava.com\/wp-content\/uploads\/2023\/07\/producto_paddle-768x768.webp 768w, https:\/\/lloguers.kayakingcostabrava.com\/wp-content\/uploads\/2023\/07\/producto_paddle-600x600.webp 600w, https:\/\/lloguers.kayakingcostabrava.com\/wp-content\/uploads\/2023\/07\/producto_paddle-100x100.webp 100w, https:\/\/lloguers.kayakingcostabrava.com\/wp-content\/uploads\/2023\/07\/producto_paddle.webp 800w\" sizes=\"auto, (max-width: 300px) 100vw, 300px\" \/><\/div>\n\t\t\t\t\t<div class=\"wc-block-grid__product-title\">Stand Up Paddle<\/div>\n\t\t\t\t<\/a>\n\t\t\t\t<div class=\"wc-block-grid__product-price price\">De <span class=\"woocommerce-Price-amount amount\">15,00<span class=\"woocommerce-Price-currencySymbol\">&euro;<\/span><\/span> <small class=\"woocommerce-price-suffix\">(IVA inc.)<\/small><\/div>\n\t\t\t\t\n\t\t\t\t<div class=\"wp-block-button wc-block-grid__product-add-to-cart\"><a href=\"https:\/\/lloguers.kayakingcostabrava.com\/fr\/produit\/platja-de-castell-paddle-individual\/\" aria-label=\"En savoir plus sur &ldquo;Stand Up Paddle&rdquo;\" data-quantity=\"1\" data-product_id=\"1036\" data-product_sku=\"\" data-price=\"15\" rel=\"nofollow\" class=\"wp-block-button__link  add_to_cart_button\">Lire la suite<\/a><\/div>\n\t\t\t<\/li><\/ul><\/div><\/div><\/div>\n<\/div><\/div><style>.kb-row-layout-id1056_0c1032-5e > .kt-row-column-wrap{align-content:start;}:where(.kb-row-layout-id1056_0c1032-5e > .kt-row-column-wrap) > .wp-block-kadence-column{justify-content:start;}.kb-row-layout-id1056_0c1032-5e > .kt-row-column-wrap{column-gap:var(--global-kb-gap-md, 2rem);row-gap:var(--global-kb-gap-md, 2rem);padding-top:var(--global-kb-spacing-sm, 1.5rem);padding-bottom:var(--global-kb-spacing-sm, 1.5rem);grid-template-columns:minmax(0, 1fr);}.kb-row-layout-id1056_0c1032-5e > .kt-row-layout-overlay{opacity:0.30;}@media all and (max-width: 1024px){.kb-row-layout-id1056_0c1032-5e > .kt-row-column-wrap{grid-template-columns:minmax(0, 1fr);}}@media all and (max-width: 767px){.kb-row-layout-id1056_0c1032-5e > .kt-row-column-wrap{grid-template-columns:minmax(0, 1fr);}}<\/style><div class=\"kb-row-layout-wrap kb-row-layout-id1056_0c1032-5e alignnone wp-block-kadence-rowlayout\"><div class=\"kt-row-column-wrap kt-has-1-columns kt-row-layout-equal kt-tab-layout-inherit kt-mobile-layout-row kt-row-valign-top\">\n<style>.kadence-column1056_011d9d-18 > .kt-inside-inner-col{padding-top:30px;padding-right:30px;padding-bottom:30px;padding-left:30px;}.kadence-column1056_011d9d-18 > .kt-inside-inner-col,.kadence-column1056_011d9d-18 > .kt-inside-inner-col:before{border-top-left-radius:0px;border-top-right-radius:0px;border-bottom-right-radius:0px;border-bottom-left-radius:0px;}.kadence-column1056_011d9d-18 > .kt-inside-inner-col{column-gap:var(--global-kb-gap-sm, 1rem);}.kadence-column1056_011d9d-18 > .kt-inside-inner-col{flex-direction:column;}.kadence-column1056_011d9d-18 > .kt-inside-inner-col > .aligncenter{width:100%;}.kadence-column1056_011d9d-18 > .kt-inside-inner-col:before{opacity:0.3;}.kadence-column1056_011d9d-18{position:relative;}@media all and (max-width: 1024px){.kadence-column1056_011d9d-18 > .kt-inside-inner-col{flex-direction:column;}}@media all and (max-width: 767px){.kadence-column1056_011d9d-18 > .kt-inside-inner-col{flex-direction:column;}}<\/style>\n<div class=\"wp-block-kadence-column kadence-column1056_011d9d-18 inner-column-1 info-destacat\"><div class=\"kt-inside-inner-col\"><style>.kb-row-layout-id1056_d1cc88-a8 > .kt-row-column-wrap{align-content:start;}:where(.kb-row-layout-id1056_d1cc88-a8 > .kt-row-column-wrap) > .wp-block-kadence-column{justify-content:start;}.kb-row-layout-id1056_d1cc88-a8 > .kt-row-column-wrap{column-gap:var(--global-kb-gap-md, 2rem);row-gap:var(--global-kb-gap-md, 2rem);padding-top:var(--global-kb-spacing-sm, 1.5rem);padding-bottom:var(--global-kb-spacing-sm, 1.5rem);grid-template-columns:minmax(0, calc(25% - ((var(--global-kb-gap-md, 2rem) * 2 )\/3)))minmax(0, calc(45% - ((var(--global-kb-gap-md, 2rem) * 2 )\/3)))minmax(0, calc(30% - ((var(--global-kb-gap-md, 2rem) * 2 )\/3)));}.kb-row-layout-id1056_d1cc88-a8 > .kt-row-layout-overlay{opacity:0.30;}@media all and (max-width: 1024px){.kb-row-layout-id1056_d1cc88-a8 > .kt-row-column-wrap > div:not(.added-for-specificity){grid-column:initial;}}@media all and (max-width: 1024px){.kb-row-layout-id1056_d1cc88-a8 > .kt-row-column-wrap{grid-template-columns:repeat(3, minmax(0, 1fr));}}@media all and (max-width: 767px){.kb-row-layout-id1056_d1cc88-a8 > .kt-row-column-wrap > div:not(.added-for-specificity){grid-column:initial;}.kb-row-layout-id1056_d1cc88-a8 > .kt-row-column-wrap{grid-template-columns:minmax(0, 1fr);}}<\/style><div class=\"kb-row-layout-wrap kb-row-layout-id1056_d1cc88-a8 alignnone wp-block-kadence-rowlayout\"><div class=\"kt-row-column-wrap kt-has-3-columns kt-row-layout-equal kt-tab-layout-inherit kt-mobile-layout-row kt-row-valign-top\">\n<style>.kadence-column1056_3c6fc1-d9 > .kt-inside-inner-col,.kadence-column1056_3c6fc1-d9 > .kt-inside-inner-col:before{border-top-left-radius:0px;border-top-right-radius:0px;border-bottom-right-radius:0px;border-bottom-left-radius:0px;}.kadence-column1056_3c6fc1-d9 > .kt-inside-inner-col{column-gap:var(--global-kb-gap-sm, 1rem);}.kadence-column1056_3c6fc1-d9 > .kt-inside-inner-col{flex-direction:column;}.kadence-column1056_3c6fc1-d9 > .kt-inside-inner-col > .aligncenter{width:100%;}.kadence-column1056_3c6fc1-d9 > .kt-inside-inner-col:before{opacity:0.3;}.kadence-column1056_3c6fc1-d9{position:relative;}@media all and (max-width: 1024px){.kadence-column1056_3c6fc1-d9 > .kt-inside-inner-col{flex-direction:column;}}@media all and (max-width: 767px){.kadence-column1056_3c6fc1-d9 > .kt-inside-inner-col{flex-direction:column;}}<\/style>\n<div class=\"wp-block-kadence-column kadence-column1056_3c6fc1-d9 inner-column-1\"><div class=\"kt-inside-inner-col\"><iframe src=\"https:\/\/www.google.com\/maps\/embed?pb=!1m18!1m12!1m3!1d2076.8120230868913!2d3.155614020172826!3d41.86239918179289!2m3!1f0!2f0!3f0!3m2!1i1024!2i768!4f13.1!3m3!1m2!1s0x12bbab38a0ad2d31%3A0xbd3b405634ae333c!2sKayaking%20Costa%20Brava%20Castell!5e1!3m2!1sca!2ses!4v1753107846517!5m2!1sca!2ses\" width=\"400\" height=\"300\" style=\"border:0;\" allowfullscreen=\"\" loading=\"lazy\" referrerpolicy=\"no-referrer-when-downgrade\"><\/iframe>\n\n<h3 class=\"wp-block-heading\" style=\"font-style:normal;font-weight:200\"><a href=\"https:\/\/www.google.com\/maps\/place\/Kayaking+Costa+Brava+Castell\/@41.8623992,3.1576629,15z\/data=!4m5!3m4!1s0x0:0xbd3b405634ae333c!8m2!3d41.8623992!4d3.1576629\" target=\"_blank\" rel=\"noreferrer noopener\"><img loading=\"lazy\" decoding=\"async\" width=\"18\" height=\"22\" class=\"wp-image-322\" style=\"width: 18px;\" src=\"https:\/\/lloguers.kayakingcostabrava.com\/wp-content\/uploads\/2022\/03\/pin_01.png\" alt=\"\"> Localisation<\/a>  <\/h3>\n\n<p>Platja de Castell,<br>Palam\u00f3s.<\/p>\n\n<p><strong>T\u00e9l\u00e9phone:<\/strong> <a href=\"tel:0034638952529\">+34 638952529<\/a><\/p>\n\n<p><strong>Horaires :<\/strong>&nbsp;9h \u2013 19h<br>(*) Pendant les mois de juin et septembre, nous recommandons d\u2019appeler le bureau (972 773 806) pour v\u00e9rifier les horaires d\u2019ouverture.<\/p>\n\n<p><\/p><\/div><\/div>\n\n<style>.kadence-column1056_78776d-d1 > .kt-inside-inner-col,.kadence-column1056_78776d-d1 > .kt-inside-inner-col:before{border-top-left-radius:0px;border-top-right-radius:0px;border-bottom-right-radius:0px;border-bottom-left-radius:0px;}.kadence-column1056_78776d-d1 > .kt-inside-inner-col{column-gap:var(--global-kb-gap-sm, 1rem);}.kadence-column1056_78776d-d1 > .kt-inside-inner-col{flex-direction:column;}.kadence-column1056_78776d-d1 > .kt-inside-inner-col > .aligncenter{width:100%;}.kadence-column1056_78776d-d1 > .kt-inside-inner-col:before{opacity:0.3;}.kadence-column1056_78776d-d1{position:relative;}@media all and (max-width: 1024px){.kadence-column1056_78776d-d1 > .kt-inside-inner-col{flex-direction:column;}}@media all and (max-width: 767px){.kadence-column1056_78776d-d1 > .kt-inside-inner-col{flex-direction:column;}}<\/style>\n<div class=\"wp-block-kadence-column kadence-column1056_78776d-d1 inner-column-2\"><div class=\"kt-inside-inner-col\"><h3 class=\"wp-block-heading\" style=\"font-style:normal;font-weight:200\">Exemples de parcours :<\/h3>\n\n<p><a href=\"https:\/\/es.wikiloc.com\/rutas-kayac\/castell-illes-formigues-24850469\" target=\"_blank\" rel=\"noreferrer noopener\">CASTELL &#8211; ILLES FORMIGUES<\/a><br><a href=\"https:\/\/es.wikiloc.com\/rutas-kayac\/platja-castell-cap-roig-24699334\" target=\"_blank\" rel=\"noreferrer noopener\">CASTELL &#8211; CAP ROIG<\/a><\/p><\/div><\/div>\n\n<style>.kadence-column1056_44948b-80 > .kt-inside-inner-col,.kadence-column1056_44948b-80 > .kt-inside-inner-col:before{border-top-left-radius:0px;border-top-right-radius:0px;border-bottom-right-radius:0px;border-bottom-left-radius:0px;}.kadence-column1056_44948b-80 > .kt-inside-inner-col{column-gap:var(--global-kb-gap-sm, 1rem);}.kadence-column1056_44948b-80 > .kt-inside-inner-col{flex-direction:column;}.kadence-column1056_44948b-80 > .kt-inside-inner-col > .aligncenter{width:100%;}.kadence-column1056_44948b-80 > .kt-inside-inner-col:before{opacity:0.3;}.kadence-column1056_44948b-80{position:relative;}@media all and (max-width: 1024px){.kadence-column1056_44948b-80 > .kt-inside-inner-col{flex-direction:column;}}@media all and (max-width: 767px){.kadence-column1056_44948b-80 > .kt-inside-inner-col{flex-direction:column;}}<\/style>\n<div class=\"wp-block-kadence-column kadence-column1056_44948b-80 inner-column-3\"><div class=\"kt-inside-inner-col\"><h3 class=\"wp-block-heading\" style=\"font-style:normal;font-weight:200\">Recoins et criques<\/h3>\n\n<ul class=\"wp-block-list list_01\"><li>La Foradada<\/li>\n\n<li>Cala Seni\u00e0<\/li>\n\n<li>Cala Canyers<\/li>\n\n<li>Cala Corbs<\/li>\n\n<li>Cala Estreta<\/li>\n\n<li>Cap de Planes<\/li>\n\n<li>El Crit<\/li>\n\n<li>Cala del Vedell<\/li>\n\n<li>La Banyera de la Russa<\/li>\n\n<li>Cap Roig<\/li><\/ul><\/div><\/div>\n<\/div><\/div><\/div><\/div>\n<\/div><\/div><p><\/p>","protected":false},"excerpt":{"rendered":"<p>Platja de Castell. Palam\u00f3s Au site de Castell \u2013 Cap Roig vous profiterez d\u2019un environnement unique et de l\u2019une des criques les plus paradisiaques et les plus vierges de toute la Costa Brava. Sauv\u00e9 in-extremis de l\u2019urbanisation, ce paysage m\u00e9diterran\u00e9en idyllique est heureusement pr\u00e9serv\u00e9 \u00e0 l\u2019heure actuelle. Localisation Platja de Castell,Palam\u00f3s. T\u00e9l\u00e9phone: +34 638952529 Horaires &hellip;<\/p>\n","protected":false},"author":5,"featured_media":0,"parent":0,"menu_order":0,"comment_status":"closed","ping_status":"closed","template":"templates\/template-builder.php","meta":{"footnotes":""},"class_list":["post-1056","page","type-page","status-publish","hentry","post","without-featured-image"],"_links":{"self":[{"href":"https:\/\/lloguers.kayakingcostabrava.com\/fr\/wp-json\/wp\/v2\/pages\/1056","targetHints":{"allow":["GET"]}}],"collection":[{"href":"https:\/\/lloguers.kayakingcostabrava.com\/fr\/wp-json\/wp\/v2\/pages"}],"about":[{"href":"https:\/\/lloguers.kayakingcostabrava.com\/fr\/wp-json\/wp\/v2\/types\/page"}],"author":[{"embeddable":true,"href":"https:\/\/lloguers.kayakingcostabrava.com\/fr\/wp-json\/wp\/v2\/users\/5"}],"replies":[{"embeddable":true,"href":"https:\/\/lloguers.kayakingcostabrava.com\/fr\/wp-json\/wp\/v2\/comments?post=1056"}],"version-history":[{"count":25,"href":"https:\/\/lloguers.kayakingcostabrava.com\/fr\/wp-json\/wp\/v2\/pages\/1056\/revisions"}],"predecessor-version":[{"id":2477,"href":"https:\/\/lloguers.kayakingcostabrava.com\/fr\/wp-json\/wp\/v2\/pages\/1056\/revisions\/2477"}],"wp:attachment":[{"href":"https:\/\/lloguers.kayakingcostabrava.com\/fr\/wp-json\/wp\/v2\/media?parent=1056"}],"curies":[{"name":"wp","href":"https:\/\/api.w.org\/{rel}","templated":true}]}}