{"id":1063,"date":"2021-06-24T12:45:02","date_gmt":"2021-06-24T10:45:02","guid":{"rendered":"https:\/\/lloguers.kayakingcostabrava.com\/base-tamariu\/"},"modified":"2025-07-28T16:45:59","modified_gmt":"2025-07-28T14:45:59","slug":"base-tamariu","status":"publish","type":"page","link":"https:\/\/lloguers.kayakingcostabrava.com\/fr\/base-tamariu\/","title":{"rendered":"Tamariu"},"content":{"rendered":"<p>[display_banner base=\u00a0\u00bbtamariu\u00a0\u00bb]<\/p><style>.kb-row-layout-id1063_247555-bd > .kt-row-column-wrap{align-content:start;}:where(.kb-row-layout-id1063_247555-bd > .kt-row-column-wrap) > .wp-block-kadence-column{justify-content:start;}.kb-row-layout-id1063_247555-bd > .kt-row-column-wrap{column-gap:var(--global-kb-gap-md, 2rem);row-gap:var(--global-kb-gap-md, 2rem);padding-top:100px;padding-bottom:25px;grid-template-columns:minmax(0, 1fr) minmax(0, 2fr);}.kb-row-layout-id1063_247555-bd > .kt-row-layout-overlay{opacity:0.30;}@media all and (max-width: 1024px){.kb-row-layout-id1063_247555-bd > .kt-row-column-wrap{grid-template-columns:minmax(0, 1fr) minmax(0, 2fr);}}@media all and (max-width: 767px){.kb-row-layout-id1063_247555-bd > .kt-row-column-wrap{grid-template-columns:minmax(0, 1fr);}}<\/style><div class=\"kb-row-layout-wrap kb-row-layout-id1063_247555-bd alignnone wp-block-kadence-rowlayout\"><div class=\"kt-row-column-wrap kt-has-2-columns kt-row-layout-right-golden kt-tab-layout-inherit kt-mobile-layout-row kt-row-valign-top\">\n<style>.kadence-column1063_c9a8af-82 > .kt-inside-inner-col,.kadence-column1063_c9a8af-82 > .kt-inside-inner-col:before{border-top-left-radius:0px;border-top-right-radius:0px;border-bottom-right-radius:0px;border-bottom-left-radius:0px;}.kadence-column1063_c9a8af-82 > .kt-inside-inner-col{column-gap:var(--global-kb-gap-sm, 1rem);}.kadence-column1063_c9a8af-82 > .kt-inside-inner-col{flex-direction:column;}.kadence-column1063_c9a8af-82 > .kt-inside-inner-col > .aligncenter{width:100%;}.kadence-column1063_c9a8af-82 > .kt-inside-inner-col:before{opacity:0.3;}.kadence-column1063_c9a8af-82{position:relative;}@media all and (max-width: 1024px){.kadence-column1063_c9a8af-82 > .kt-inside-inner-col{flex-direction:column;}}@media all and (max-width: 767px){.kadence-column1063_c9a8af-82 > .kt-inside-inner-col{flex-direction:column;}}<\/style>\n<div class=\"wp-block-kadence-column kadence-column1063_c9a8af-82 inner-column-1\"><div class=\"kt-inside-inner-col\"><h1 class=\"wp-block-heading has-text-align-left\">Tamariu, Palafrugell<\/h1>\n\n<p><strong>La r\u00e9gion de Tamariu,<\/strong> caract\u00e9ris\u00e9e par une v\u00e9g\u00e9tation luxuriante, pr\u00e9sente une c\u00f4te d\u00e9coup\u00e9e par des criques profondes, des passages \u00e9troits et des grottes spectaculaires qui font de cet itin\u00e9raire une exp\u00e9rience inoubliable.<\/p>\n\n<guidap-activity-reserve-button activity-uuid=\"TFO82ewm7gMLDbiVar4f90JZvX6Qh1EBIWkG\"><\/guidap-activity-reserve-button><\/div><\/div>\n\n<style>.kadence-column1063_3959b8-b2 > .kt-inside-inner-col,.kadence-column1063_3959b8-b2 > .kt-inside-inner-col:before{border-top-left-radius:0px;border-top-right-radius:0px;border-bottom-right-radius:0px;border-bottom-left-radius:0px;}.kadence-column1063_3959b8-b2 > .kt-inside-inner-col{column-gap:var(--global-kb-gap-sm, 1rem);}.kadence-column1063_3959b8-b2 > .kt-inside-inner-col{flex-direction:column;}.kadence-column1063_3959b8-b2 > .kt-inside-inner-col > .aligncenter{width:100%;}.kadence-column1063_3959b8-b2 > .kt-inside-inner-col:before{opacity:0.3;}.kadence-column1063_3959b8-b2{position:relative;}@media all and (max-width: 1024px){.kadence-column1063_3959b8-b2 > .kt-inside-inner-col{flex-direction:column;}}@media all and (max-width: 767px){.kadence-column1063_3959b8-b2 > .kt-inside-inner-col{flex-direction:column;}}<\/style>\n<div class=\"wp-block-kadence-column kadence-column1063_3959b8-b2 inner-column-2\"><div class=\"kt-inside-inner-col\"><div data-block-name=\"woocommerce\/product-category\" data-categories=\"[65]\" data-columns=\"4\" data-orderby=\"title\" data-rows=\"2\" class=\"wc-block-grid wp-block-product-category wp-block-woocommerce-product-category wc-block-product-category has-4-columns has-multiple-rows\"><ul class=\"wc-block-grid__products\"><li class=\"wc-block-grid__product\">\n\t\t\t\t<a href=\"https:\/\/lloguers.kayakingcostabrava.com\/fr\/produit\/tamariu-kayak-doble\/\" class=\"wc-block-grid__product-link\">\n\t\t\t\t\t\n\t\t\t\t\t<div class=\"wc-block-grid__product-image\"><img loading=\"lazy\" decoding=\"async\" width=\"300\" height=\"300\" src=\"https:\/\/lloguers.kayakingcostabrava.com\/wp-content\/uploads\/2024\/04\/kayack_doble-300x300.webp\" class=\"attachment-woocommerce_thumbnail size-woocommerce_thumbnail\" alt=\"Doble: (FeelFree - Gemini)\" srcset=\"https:\/\/lloguers.kayakingcostabrava.com\/wp-content\/uploads\/2024\/04\/kayack_doble-300x300.webp 300w, https:\/\/lloguers.kayakingcostabrava.com\/wp-content\/uploads\/2024\/04\/kayack_doble-150x150.webp 150w, https:\/\/lloguers.kayakingcostabrava.com\/wp-content\/uploads\/2024\/04\/kayack_doble-768x768.webp 768w, https:\/\/lloguers.kayakingcostabrava.com\/wp-content\/uploads\/2024\/04\/kayack_doble-600x600.webp 600w, https:\/\/lloguers.kayakingcostabrava.com\/wp-content\/uploads\/2024\/04\/kayack_doble-100x100.webp 100w, https:\/\/lloguers.kayakingcostabrava.com\/wp-content\/uploads\/2024\/04\/kayack_doble.webp 800w\" sizes=\"auto, (max-width: 300px) 100vw, 300px\" \/><\/div>\n\t\t\t\t\t<div class=\"wc-block-grid__product-title\">Kayak Biplace<\/div>\n\t\t\t\t<\/a>\n\t\t\t\t<div class=\"wc-block-grid__product-price price\">De <span class=\"woocommerce-Price-amount amount\">21,00<span class=\"woocommerce-Price-currencySymbol\">&euro;<\/span><\/span> <small class=\"woocommerce-price-suffix\">(IVA inc.)<\/small><\/div>\n\t\t\t\t\n\t\t\t\t<div class=\"wp-block-button wc-block-grid__product-add-to-cart\"><a href=\"https:\/\/lloguers.kayakingcostabrava.com\/fr\/produit\/tamariu-kayak-doble\/\" aria-label=\"En savoir plus sur &ldquo;Kayak Biplace&rdquo;\" data-quantity=\"1\" data-product_id=\"1158\" data-product_sku=\"\" data-price=\"21\" rel=\"nofollow\" class=\"wp-block-button__link  add_to_cart_button\">Lire la suite<\/a><\/div>\n\t\t\t<\/li><li class=\"wc-block-grid__product\">\n\t\t\t\t<a href=\"https:\/\/lloguers.kayakingcostabrava.com\/fr\/produit\/tamariu-kayak-familiar\/\" class=\"wc-block-grid__product-link\">\n\t\t\t\t\t\n\t\t\t\t\t<div class=\"wc-block-grid__product-image\"><img loading=\"lazy\" decoding=\"async\" width=\"300\" height=\"300\" src=\"https:\/\/lloguers.kayakingcostabrava.com\/wp-content\/uploads\/2024\/04\/kayack_familiar-300x300.webp\" class=\"attachment-woocommerce_thumbnail size-woocommerce_thumbnail\" alt=\"kayack Individual: Perception - Pescador 120\" srcset=\"https:\/\/lloguers.kayakingcostabrava.com\/wp-content\/uploads\/2024\/04\/kayack_familiar-300x300.webp 300w, https:\/\/lloguers.kayakingcostabrava.com\/wp-content\/uploads\/2024\/04\/kayack_familiar-150x150.webp 150w, https:\/\/lloguers.kayakingcostabrava.com\/wp-content\/uploads\/2024\/04\/kayack_familiar-768x768.webp 768w, https:\/\/lloguers.kayakingcostabrava.com\/wp-content\/uploads\/2024\/04\/kayack_familiar-600x600.webp 600w, https:\/\/lloguers.kayakingcostabrava.com\/wp-content\/uploads\/2024\/04\/kayack_familiar-100x100.webp 100w, https:\/\/lloguers.kayakingcostabrava.com\/wp-content\/uploads\/2024\/04\/kayack_familiar.webp 800w\" sizes=\"auto, (max-width: 300px) 100vw, 300px\" \/><\/div>\n\t\t\t\t\t<div class=\"wc-block-grid__product-title\">Kayak Familial<\/div>\n\t\t\t\t<\/a>\n\t\t\t\t<div class=\"wc-block-grid__product-price price\">De <span class=\"woocommerce-Price-amount amount\">28,00<span class=\"woocommerce-Price-currencySymbol\">&euro;<\/span><\/span> <small class=\"woocommerce-price-suffix\">(IVA inc.)<\/small><\/div>\n\t\t\t\t\n\t\t\t\t<div class=\"wp-block-button wc-block-grid__product-add-to-cart\"><a href=\"https:\/\/lloguers.kayakingcostabrava.com\/fr\/produit\/tamariu-kayak-familiar\/\" aria-label=\"En savoir plus sur &ldquo;Kayak Familial&rdquo;\" data-quantity=\"1\" data-product_id=\"1155\" data-product_sku=\"\" data-price=\"28\" rel=\"nofollow\" class=\"wp-block-button__link  add_to_cart_button\">Lire la suite<\/a><\/div>\n\t\t\t<\/li><li class=\"wc-block-grid__product\">\n\t\t\t\t<a href=\"https:\/\/lloguers.kayakingcostabrava.com\/fr\/produit\/tamariu-kayak-individual\/\" class=\"wc-block-grid__product-link\">\n\t\t\t\t\t\n\t\t\t\t\t<div class=\"wc-block-grid__product-image\"><img loading=\"lazy\" decoding=\"async\" width=\"300\" height=\"300\" src=\"https:\/\/lloguers.kayakingcostabrava.com\/wp-content\/uploads\/2024\/04\/kayack_individual-300x300.webp\" class=\"attachment-woocommerce_thumbnail size-woocommerce_thumbnail\" alt=\"kayack Individual: Perception - Pescador 120\" srcset=\"https:\/\/lloguers.kayakingcostabrava.com\/wp-content\/uploads\/2024\/04\/kayack_individual-300x300.webp 300w, https:\/\/lloguers.kayakingcostabrava.com\/wp-content\/uploads\/2024\/04\/kayack_individual-150x150.webp 150w, https:\/\/lloguers.kayakingcostabrava.com\/wp-content\/uploads\/2024\/04\/kayack_individual-768x768.webp 768w, https:\/\/lloguers.kayakingcostabrava.com\/wp-content\/uploads\/2024\/04\/kayack_individual-600x600.webp 600w, https:\/\/lloguers.kayakingcostabrava.com\/wp-content\/uploads\/2024\/04\/kayack_individual-100x100.webp 100w, https:\/\/lloguers.kayakingcostabrava.com\/wp-content\/uploads\/2024\/04\/kayack_individual.webp 800w\" sizes=\"auto, (max-width: 300px) 100vw, 300px\" \/><\/div>\n\t\t\t\t\t<div class=\"wc-block-grid__product-title\">Kayak monoplace<\/div>\n\t\t\t\t<\/a>\n\t\t\t\t<div class=\"wc-block-grid__product-price price\">De <span class=\"woocommerce-Price-amount amount\">15,00<span class=\"woocommerce-Price-currencySymbol\">&euro;<\/span><\/span> <small class=\"woocommerce-price-suffix\">(IVA inc.)<\/small><\/div>\n\t\t\t\t\n\t\t\t\t<div class=\"wp-block-button wc-block-grid__product-add-to-cart\"><a href=\"https:\/\/lloguers.kayakingcostabrava.com\/fr\/produit\/tamariu-kayak-individual\/\" aria-label=\"En savoir plus sur &ldquo;Kayak monoplace&rdquo;\" data-quantity=\"1\" data-product_id=\"1161\" data-product_sku=\"\" data-price=\"15\" rel=\"nofollow\" class=\"wp-block-button__link  add_to_cart_button\">Lire la suite<\/a><\/div>\n\t\t\t<\/li><li class=\"wc-block-grid__product\">\n\t\t\t\t<a href=\"https:\/\/lloguers.kayakingcostabrava.com\/fr\/produit\/tamariu-paddle-individual\/\" class=\"wc-block-grid__product-link\">\n\t\t\t\t\t\n\t\t\t\t\t<div class=\"wc-block-grid__product-image\"><img loading=\"lazy\" decoding=\"async\" width=\"300\" height=\"300\" src=\"https:\/\/lloguers.kayakingcostabrava.com\/wp-content\/uploads\/2023\/07\/producto_paddle-300x300.webp\" class=\"attachment-woocommerce_thumbnail size-woocommerce_thumbnail\" alt=\"Paddle\" srcset=\"https:\/\/lloguers.kayakingcostabrava.com\/wp-content\/uploads\/2023\/07\/producto_paddle-300x300.webp 300w, https:\/\/lloguers.kayakingcostabrava.com\/wp-content\/uploads\/2023\/07\/producto_paddle-150x150.webp 150w, https:\/\/lloguers.kayakingcostabrava.com\/wp-content\/uploads\/2023\/07\/producto_paddle-768x768.webp 768w, https:\/\/lloguers.kayakingcostabrava.com\/wp-content\/uploads\/2023\/07\/producto_paddle-600x600.webp 600w, https:\/\/lloguers.kayakingcostabrava.com\/wp-content\/uploads\/2023\/07\/producto_paddle-100x100.webp 100w, https:\/\/lloguers.kayakingcostabrava.com\/wp-content\/uploads\/2023\/07\/producto_paddle.webp 800w\" sizes=\"auto, (max-width: 300px) 100vw, 300px\" \/><\/div>\n\t\t\t\t\t<div class=\"wc-block-grid__product-title\">Stand Up Paddle<\/div>\n\t\t\t\t<\/a>\n\t\t\t\t<div class=\"wc-block-grid__product-price price\">De <span class=\"woocommerce-Price-amount amount\">15,00<span class=\"woocommerce-Price-currencySymbol\">&euro;<\/span><\/span> <small class=\"woocommerce-price-suffix\">(IVA inc.)<\/small><\/div>\n\t\t\t\t\n\t\t\t\t<div class=\"wp-block-button wc-block-grid__product-add-to-cart\"><a href=\"https:\/\/lloguers.kayakingcostabrava.com\/fr\/produit\/tamariu-paddle-individual\/\" aria-label=\"En savoir plus sur &ldquo;Stand Up Paddle&rdquo;\" data-quantity=\"1\" data-product_id=\"1144\" data-product_sku=\"\" data-price=\"15\" rel=\"nofollow\" class=\"wp-block-button__link  add_to_cart_button\">Lire la suite<\/a><\/div>\n\t\t\t<\/li><\/ul><\/div><\/div><\/div>\n<\/div><\/div><style>.kb-row-layout-id1063_3d2646-8e > .kt-row-column-wrap{align-content:start;}:where(.kb-row-layout-id1063_3d2646-8e > .kt-row-column-wrap) > .wp-block-kadence-column{justify-content:start;}.kb-row-layout-id1063_3d2646-8e > .kt-row-column-wrap{column-gap:var(--global-kb-gap-md, 2rem);row-gap:var(--global-kb-gap-md, 2rem);padding-top:var(--global-kb-spacing-sm, 1.5rem);padding-bottom:var(--global-kb-spacing-sm, 1.5rem);grid-template-columns:minmax(0, 1fr);}.kb-row-layout-id1063_3d2646-8e > .kt-row-layout-overlay{opacity:0.30;}@media all and (max-width: 1024px){.kb-row-layout-id1063_3d2646-8e > .kt-row-column-wrap{grid-template-columns:minmax(0, 1fr);}}@media all and (max-width: 767px){.kb-row-layout-id1063_3d2646-8e > .kt-row-column-wrap{grid-template-columns:minmax(0, 1fr);}}<\/style><div class=\"kb-row-layout-wrap kb-row-layout-id1063_3d2646-8e alignnone wp-block-kadence-rowlayout\"><div class=\"kt-row-column-wrap kt-has-1-columns kt-row-layout-equal kt-tab-layout-inherit kt-mobile-layout-row kt-row-valign-top\">\n<style>.kadence-column1063_70df7f-83 > .kt-inside-inner-col{padding-top:30px;padding-right:30px;padding-bottom:30px;padding-left:30px;}.kadence-column1063_70df7f-83 > .kt-inside-inner-col,.kadence-column1063_70df7f-83 > .kt-inside-inner-col:before{border-top-left-radius:0px;border-top-right-radius:0px;border-bottom-right-radius:0px;border-bottom-left-radius:0px;}.kadence-column1063_70df7f-83 > .kt-inside-inner-col{column-gap:var(--global-kb-gap-sm, 1rem);}.kadence-column1063_70df7f-83 > .kt-inside-inner-col{flex-direction:column;}.kadence-column1063_70df7f-83 > .kt-inside-inner-col > .aligncenter{width:100%;}.kadence-column1063_70df7f-83 > .kt-inside-inner-col:before{opacity:0.3;}.kadence-column1063_70df7f-83{position:relative;}@media all and (max-width: 1024px){.kadence-column1063_70df7f-83 > .kt-inside-inner-col{flex-direction:column;}}@media all and (max-width: 767px){.kadence-column1063_70df7f-83 > .kt-inside-inner-col{flex-direction:column;}}<\/style>\n<div class=\"wp-block-kadence-column kadence-column1063_70df7f-83 inner-column-1 info-destacat\"><div class=\"kt-inside-inner-col\"><style>.kb-row-layout-id1063_75a338-e9 > .kt-row-column-wrap{align-content:start;}:where(.kb-row-layout-id1063_75a338-e9 > .kt-row-column-wrap) > .wp-block-kadence-column{justify-content:start;}.kb-row-layout-id1063_75a338-e9 > .kt-row-column-wrap{column-gap:var(--global-kb-gap-md, 2rem);row-gap:var(--global-kb-gap-md, 2rem);padding-top:24px;padding-bottom:25px;grid-template-columns:minmax(0, calc(25% - ((var(--global-kb-gap-md, 2rem) * 2 )\/3)))minmax(0, calc(45% - ((var(--global-kb-gap-md, 2rem) * 2 )\/3)))minmax(0, calc(30% - ((var(--global-kb-gap-md, 2rem) * 2 )\/3)));}.kb-row-layout-id1063_75a338-e9 > .kt-row-layout-overlay{opacity:0.30;}@media all and (max-width: 1024px){.kb-row-layout-id1063_75a338-e9 > .kt-row-column-wrap > div:not(.added-for-specificity){grid-column:initial;}}@media all and (max-width: 1024px){.kb-row-layout-id1063_75a338-e9 > .kt-row-column-wrap{grid-template-columns:repeat(3, minmax(0, 1fr));}}@media all and (max-width: 767px){.kb-row-layout-id1063_75a338-e9 > .kt-row-column-wrap > div:not(.added-for-specificity){grid-column:initial;}.kb-row-layout-id1063_75a338-e9 > .kt-row-column-wrap{grid-template-columns:minmax(0, 1fr);}}<\/style><div class=\"kb-row-layout-wrap kb-row-layout-id1063_75a338-e9 alignnone wp-block-kadence-rowlayout\"><div class=\"kt-row-column-wrap kt-has-3-columns kt-row-layout-equal kt-tab-layout-inherit kt-mobile-layout-row kt-row-valign-top\">\n<style>.kadence-column1063_038f4f-24 > .kt-inside-inner-col,.kadence-column1063_038f4f-24 > .kt-inside-inner-col:before{border-top-left-radius:0px;border-top-right-radius:0px;border-bottom-right-radius:0px;border-bottom-left-radius:0px;}.kadence-column1063_038f4f-24 > .kt-inside-inner-col{column-gap:var(--global-kb-gap-sm, 1rem);}.kadence-column1063_038f4f-24 > .kt-inside-inner-col{flex-direction:column;}.kadence-column1063_038f4f-24 > .kt-inside-inner-col > .aligncenter{width:100%;}.kadence-column1063_038f4f-24 > .kt-inside-inner-col:before{opacity:0.3;}.kadence-column1063_038f4f-24{position:relative;}@media all and (max-width: 1024px){.kadence-column1063_038f4f-24 > .kt-inside-inner-col{flex-direction:column;}}@media all and (max-width: 767px){.kadence-column1063_038f4f-24 > .kt-inside-inner-col{flex-direction:column;}}<\/style>\n<div class=\"wp-block-kadence-column kadence-column1063_038f4f-24 inner-column-1\"><div class=\"kt-inside-inner-col\"><h3 class=\"wp-block-heading\" style=\"font-style:normal;font-weight:200\"><a href=\"https:\/\/www.google.com\/maps\/place\/Kayaking+Costa+Brava+Tamariu\/@41.9180056,3.2056856,17z\/data=!3m1!4b1!4m5!3m4!1s0x12ba53a89e0659ed:0xebc6d4da83786ed5!8m2!3d41.9180016!4d3.2078743\" target=\"_blank\" rel=\"noreferrer noopener\"><img loading=\"lazy\" decoding=\"async\" width=\"18\" height=\"22\" class=\"wp-image-322\" style=\"width: 18px;\" src=\"https:\/\/lloguers.kayakingcostabrava.com\/wp-content\/uploads\/2022\/03\/pin_01.png\" alt=\"\"> Localisation<\/a>  <\/h3>\n\n<p>Plage de Tamariu,<br>Palafrugell.<\/p>\n\n<p><strong>Tel. : <\/strong><a href=\"tel:0034669160395\">+34 669160395<\/a><\/p>\n\n<p><strong>Horaires :<\/strong>&nbsp;9h \u2013 19h<br>(*) Pendant les mois de juin et septembre, nous recommandons d\u2019appeler le bureau (972 773 806) pour v\u00e9rifier les horaires d\u2019ouverture.<\/p>\n\n<iframe src=\"https:\/\/www.google.com\/maps\/embed?pb=!1m18!1m12!1m3!1d2613.1893018138553!2d3.205294011173738!3d41.91800157111746!2m3!1f0!2f0!3f0!3m2!1i1024!2i768!4f13.1!3m3!1m2!1s0x12ba53a89e0659ed%3A0xebc6d4da83786ed5!2sKayaking%20Costa%20Brava%20Tamariu!5e1!3m2!1sca!2ses!4v1753108695622!5m2!1sca!2ses\" width=\"400\" height=\"300\" style=\"border:0;\" allowfullscreen=\"\" loading=\"lazy\" referrerpolicy=\"no-referrer-when-downgrade\"><\/iframe><\/div><\/div>\n\n<style>.kadence-column1063_cb91be-38 > .kt-inside-inner-col,.kadence-column1063_cb91be-38 > .kt-inside-inner-col:before{border-top-left-radius:0px;border-top-right-radius:0px;border-bottom-right-radius:0px;border-bottom-left-radius:0px;}.kadence-column1063_cb91be-38 > .kt-inside-inner-col{column-gap:var(--global-kb-gap-sm, 1rem);}.kadence-column1063_cb91be-38 > .kt-inside-inner-col{flex-direction:column;}.kadence-column1063_cb91be-38 > .kt-inside-inner-col > .aligncenter{width:100%;}.kadence-column1063_cb91be-38 > .kt-inside-inner-col:before{opacity:0.3;}.kadence-column1063_cb91be-38{position:relative;}@media all and (max-width: 1024px){.kadence-column1063_cb91be-38 > .kt-inside-inner-col{flex-direction:column;}}@media all and (max-width: 767px){.kadence-column1063_cb91be-38 > .kt-inside-inner-col{flex-direction:column;}}<\/style>\n<div class=\"wp-block-kadence-column kadence-column1063_cb91be-38 inner-column-2\"><div class=\"kt-inside-inner-col\"><h3 class=\"wp-block-heading\" style=\"font-style:normal;font-weight:200\">Exemples d&rsquo;itin\u00e9raires :<\/h3>\n\n<p><a href=\"https:\/\/es.wikiloc.com\/rutas-kayac\/tamariu-cova-den-gispert-caiac-travessia-24681893\" target=\"_blank\" rel=\"noreferrer noopener\">TAMARIU &#8211; COVA D&rsquo;EN GISPERT<\/a><br><a href=\"https:\/\/es.wikiloc.com\/rutas-kayac\/tamariu-cap-de-sant-sebastia-24685450\" target=\"_blank\" rel=\"noreferrer noopener\">TAMARIU &#8211; CAP DE SANT SEBASTI\u00c0<\/a><\/p><\/div><\/div>\n\n<style>.kadence-column1063_795f9e-9d > .kt-inside-inner-col,.kadence-column1063_795f9e-9d > .kt-inside-inner-col:before{border-top-left-radius:0px;border-top-right-radius:0px;border-bottom-right-radius:0px;border-bottom-left-radius:0px;}.kadence-column1063_795f9e-9d > .kt-inside-inner-col{column-gap:var(--global-kb-gap-sm, 1rem);}.kadence-column1063_795f9e-9d > .kt-inside-inner-col{flex-direction:column;}.kadence-column1063_795f9e-9d > .kt-inside-inner-col > .aligncenter{width:100%;}.kadence-column1063_795f9e-9d > .kt-inside-inner-col:before{opacity:0.3;}.kadence-column1063_795f9e-9d{position:relative;}@media all and (max-width: 1024px){.kadence-column1063_795f9e-9d > .kt-inside-inner-col{flex-direction:column;}}@media all and (max-width: 767px){.kadence-column1063_795f9e-9d > .kt-inside-inner-col{flex-direction:column;}}<\/style>\n<div class=\"wp-block-kadence-column kadence-column1063_795f9e-9d inner-column-3\"><div class=\"kt-inside-inner-col\"><h3 class=\"wp-block-heading\" style=\"font-style:normal;font-weight:200\">Recoins et criques<\/h3>\n\n<ul class=\"wp-block-list list_01\"><li>Aigua Xelida<\/li>\n\n<li>Cala Llarga<\/li>\n\n<li>Cala Marquesa<\/li>\n\n<li>Cova de la Gavina<\/li>\n\n<li>Cova d\u2019en Gispert<\/li><\/ul><\/div><\/div>\n<\/div><\/div><\/div><\/div>\n<\/div><\/div>","protected":false},"excerpt":{"rendered":"<p>Tamariu, Palafrugell La r\u00e9gion de Tamariu, caract\u00e9ris\u00e9e par une v\u00e9g\u00e9tation luxuriante, pr\u00e9sente une c\u00f4te d\u00e9coup\u00e9e par des criques profondes, des passages \u00e9troits et des grottes spectaculaires qui font de cet itin\u00e9raire une exp\u00e9rience inoubliable. Localisation Plage de Tamariu,Palafrugell. Tel. : +34 669160395 Horaires :&nbsp;9h \u2013 19h(*) Pendant les mois de juin et septembre, nous recommandons &hellip;<\/p>\n","protected":false},"author":5,"featured_media":0,"parent":0,"menu_order":0,"comment_status":"closed","ping_status":"closed","template":"templates\/template-builder.php","meta":{"footnotes":""},"class_list":["post-1063","page","type-page","status-publish","hentry","post","without-featured-image"],"_links":{"self":[{"href":"https:\/\/lloguers.kayakingcostabrava.com\/fr\/wp-json\/wp\/v2\/pages\/1063","targetHints":{"allow":["GET"]}}],"collection":[{"href":"https:\/\/lloguers.kayakingcostabrava.com\/fr\/wp-json\/wp\/v2\/pages"}],"about":[{"href":"https:\/\/lloguers.kayakingcostabrava.com\/fr\/wp-json\/wp\/v2\/types\/page"}],"author":[{"embeddable":true,"href":"https:\/\/lloguers.kayakingcostabrava.com\/fr\/wp-json\/wp\/v2\/users\/5"}],"replies":[{"embeddable":true,"href":"https:\/\/lloguers.kayakingcostabrava.com\/fr\/wp-json\/wp\/v2\/comments?post=1063"}],"version-history":[{"count":10,"href":"https:\/\/lloguers.kayakingcostabrava.com\/fr\/wp-json\/wp\/v2\/pages\/1063\/revisions"}],"predecessor-version":[{"id":2398,"href":"https:\/\/lloguers.kayakingcostabrava.com\/fr\/wp-json\/wp\/v2\/pages\/1063\/revisions\/2398"}],"wp:attachment":[{"href":"https:\/\/lloguers.kayakingcostabrava.com\/fr\/wp-json\/wp\/v2\/media?parent=1063"}],"curies":[{"name":"wp","href":"https:\/\/api.w.org\/{rel}","templated":true}]}}