{"id":1071,"date":"2021-06-24T12:24:03","date_gmt":"2021-06-24T10:24:03","guid":{"rendered":"https:\/\/lloguers.kayakingcostabrava.com\/base-montgo\/"},"modified":"2025-08-09T14:08:13","modified_gmt":"2025-08-09T12:08:13","slug":"base-montgo","status":"publish","type":"page","link":"https:\/\/lloguers.kayakingcostabrava.com\/fr\/base-montgo\/","title":{"rendered":"Montg\u00f3"},"content":{"rendered":"<p>[display_banner base=\u00a0\u00bbmontgo\u00a0\u00bb]<\/p><style>.kb-row-layout-id1071_241843-d5 > .kt-row-column-wrap{align-content:start;}:where(.kb-row-layout-id1071_241843-d5 > .kt-row-column-wrap) > .wp-block-kadence-column{justify-content:start;}.kb-row-layout-id1071_241843-d5 > .kt-row-column-wrap{column-gap:var(--global-kb-gap-md, 2rem);row-gap:var(--global-kb-gap-md, 2rem);padding-top:100px;padding-bottom:25px;grid-template-columns:minmax(0, 1fr) minmax(0, 2fr);}.kb-row-layout-id1071_241843-d5 > .kt-row-layout-overlay{opacity:0.30;}@media all and (max-width: 1024px){.kb-row-layout-id1071_241843-d5 > .kt-row-column-wrap{grid-template-columns:minmax(0, 1fr) minmax(0, 2fr);}}@media all and (max-width: 767px){.kb-row-layout-id1071_241843-d5 > .kt-row-column-wrap{grid-template-columns:minmax(0, 1fr);}}<\/style><div class=\"kb-row-layout-wrap kb-row-layout-id1071_241843-d5 alignnone home_category wp-block-kadence-rowlayout\"><div class=\"kt-row-column-wrap kt-has-2-columns kt-row-layout-right-golden kt-tab-layout-inherit kt-mobile-layout-row kt-row-valign-top\">\n<style>.kadence-column1071_9dac59-e4 > .kt-inside-inner-col,.kadence-column1071_9dac59-e4 > .kt-inside-inner-col:before{border-top-left-radius:0px;border-top-right-radius:0px;border-bottom-right-radius:0px;border-bottom-left-radius:0px;}.kadence-column1071_9dac59-e4 > .kt-inside-inner-col{column-gap:var(--global-kb-gap-sm, 1rem);}.kadence-column1071_9dac59-e4 > .kt-inside-inner-col{flex-direction:column;}.kadence-column1071_9dac59-e4 > .kt-inside-inner-col > .aligncenter{width:100%;}.kadence-column1071_9dac59-e4 > .kt-inside-inner-col:before{opacity:0.3;}.kadence-column1071_9dac59-e4{position:relative;}@media all and (max-width: 1024px){.kadence-column1071_9dac59-e4 > .kt-inside-inner-col{flex-direction:column;}}@media all and (max-width: 767px){.kadence-column1071_9dac59-e4 > .kt-inside-inner-col{flex-direction:column;}}<\/style>\n<div class=\"wp-block-kadence-column kadence-column1071_9dac59-e4 inner-column-1\"><div class=\"kt-inside-inner-col\"><h1 class=\"wp-block-heading has-text-align-left\">Montg\u00f3<\/h1>\n\n<p><strong>Cala Montg\u00f3<\/strong> situ\u00e9 dans le <strong>Parc Naturel du Montgr\u00ed, des \u00eeles Medes et du Baix Ter<\/strong> comprend la c\u00f4te du <strong>Massif de Montgr\u00ed<\/strong>, caract\u00e9ris\u00e9e par ses imposantes falaises ponctu\u00e9es de petites criques, crevasses, tunnels et grottes d\u2019une grande beaut\u00e9 qui donnent plein sens au nom de <strong>Costa Brava<\/strong>.<\/p>\n\n<guidap-activity-reserve-button activity-uuid=\"c6ONEyzflRnukQYiGAoPJXgwZ8Iedp7bhv3j\"><\/guidap-activity-reserve-button>\n\n<p><\/p>\n\n<p>Pour les r\u00e9servations le jour m\u00eame \u00e0 Cala Montg\u00f3, veuillez appeler le<a href=\"tel:34620477558\"> +34 620 477 558.<\/a><\/p><\/div><\/div>\n\n<style>.kadence-column1071_daa4c7-a2 > .kt-inside-inner-col,.kadence-column1071_daa4c7-a2 > .kt-inside-inner-col:before{border-top-left-radius:0px;border-top-right-radius:0px;border-bottom-right-radius:0px;border-bottom-left-radius:0px;}.kadence-column1071_daa4c7-a2 > .kt-inside-inner-col{column-gap:var(--global-kb-gap-sm, 1rem);}.kadence-column1071_daa4c7-a2 > .kt-inside-inner-col{flex-direction:column;}.kadence-column1071_daa4c7-a2 > .kt-inside-inner-col > .aligncenter{width:100%;}.kadence-column1071_daa4c7-a2 > .kt-inside-inner-col:before{opacity:0.3;}.kadence-column1071_daa4c7-a2{position:relative;}@media all and (max-width: 1024px){.kadence-column1071_daa4c7-a2 > .kt-inside-inner-col{flex-direction:column;}}@media all and (max-width: 767px){.kadence-column1071_daa4c7-a2 > .kt-inside-inner-col{flex-direction:column;}}<\/style>\n<div class=\"wp-block-kadence-column kadence-column1071_daa4c7-a2 inner-column-2\"><div class=\"kt-inside-inner-col\"><div data-block-name=\"woocommerce\/product-category\" data-categories=\"[69]\" data-columns=\"4\" data-orderby=\"title\" data-rows=\"2\" class=\"wc-block-grid wp-block-product-category wp-block-woocommerce-product-category wc-block-product-category has-4-columns has-multiple-rows\"><ul class=\"wc-block-grid__products\"><li class=\"wc-block-grid__product\">\n\t\t\t\t<a href=\"https:\/\/lloguers.kayakingcostabrava.com\/fr\/produit\/montgo-kayak-doble\/\" class=\"wc-block-grid__product-link\">\n\t\t\t\t\t\n\t\t\t\t\t<div class=\"wc-block-grid__product-image\"><img loading=\"lazy\" decoding=\"async\" width=\"300\" height=\"300\" src=\"https:\/\/lloguers.kayakingcostabrava.com\/wp-content\/uploads\/2024\/04\/kayack_doble-300x300.webp\" class=\"attachment-woocommerce_thumbnail size-woocommerce_thumbnail\" alt=\"Doble: (FeelFree - Gemini)\" srcset=\"https:\/\/lloguers.kayakingcostabrava.com\/wp-content\/uploads\/2024\/04\/kayack_doble-300x300.webp 300w, https:\/\/lloguers.kayakingcostabrava.com\/wp-content\/uploads\/2024\/04\/kayack_doble-150x150.webp 150w, https:\/\/lloguers.kayakingcostabrava.com\/wp-content\/uploads\/2024\/04\/kayack_doble-768x768.webp 768w, https:\/\/lloguers.kayakingcostabrava.com\/wp-content\/uploads\/2024\/04\/kayack_doble-600x600.webp 600w, https:\/\/lloguers.kayakingcostabrava.com\/wp-content\/uploads\/2024\/04\/kayack_doble-100x100.webp 100w, https:\/\/lloguers.kayakingcostabrava.com\/wp-content\/uploads\/2024\/04\/kayack_doble.webp 800w\" sizes=\"auto, (max-width: 300px) 100vw, 300px\" \/><\/div>\n\t\t\t\t\t<div class=\"wc-block-grid__product-title\">Kayak Biplace<\/div>\n\t\t\t\t<\/a>\n\t\t\t\t<div class=\"wc-block-grid__product-price price\">De <span class=\"woocommerce-Price-amount amount\">21,00<span class=\"woocommerce-Price-currencySymbol\">&euro;<\/span><\/span> <small class=\"woocommerce-price-suffix\">(IVA inc.)<\/small><\/div>\n\t\t\t\t\n\t\t\t\t<div class=\"wp-block-button wc-block-grid__product-add-to-cart\"><a href=\"https:\/\/lloguers.kayakingcostabrava.com\/fr\/produit\/montgo-kayak-doble\/\" aria-label=\"En savoir plus sur &ldquo;Kayak Biplace&rdquo;\" data-quantity=\"1\" data-product_id=\"1170\" data-product_sku=\"\" data-price=\"21\" rel=\"nofollow\" class=\"wp-block-button__link  add_to_cart_button\">Lire la suite<\/a><\/div>\n\t\t\t<\/li><li class=\"wc-block-grid__product\">\n\t\t\t\t<a href=\"https:\/\/lloguers.kayakingcostabrava.com\/fr\/produit\/montgo-kayak-familiar\/\" class=\"wc-block-grid__product-link\">\n\t\t\t\t\t\n\t\t\t\t\t<div class=\"wc-block-grid__product-image\"><img loading=\"lazy\" decoding=\"async\" width=\"300\" height=\"300\" src=\"https:\/\/lloguers.kayakingcostabrava.com\/wp-content\/uploads\/2024\/04\/kayack_familiar-300x300.webp\" class=\"attachment-woocommerce_thumbnail size-woocommerce_thumbnail\" alt=\"kayack Individual: Perception - Pescador 120\" srcset=\"https:\/\/lloguers.kayakingcostabrava.com\/wp-content\/uploads\/2024\/04\/kayack_familiar-300x300.webp 300w, https:\/\/lloguers.kayakingcostabrava.com\/wp-content\/uploads\/2024\/04\/kayack_familiar-150x150.webp 150w, https:\/\/lloguers.kayakingcostabrava.com\/wp-content\/uploads\/2024\/04\/kayack_familiar-768x768.webp 768w, https:\/\/lloguers.kayakingcostabrava.com\/wp-content\/uploads\/2024\/04\/kayack_familiar-600x600.webp 600w, https:\/\/lloguers.kayakingcostabrava.com\/wp-content\/uploads\/2024\/04\/kayack_familiar-100x100.webp 100w, https:\/\/lloguers.kayakingcostabrava.com\/wp-content\/uploads\/2024\/04\/kayack_familiar.webp 800w\" sizes=\"auto, (max-width: 300px) 100vw, 300px\" \/><\/div>\n\t\t\t\t\t<div class=\"wc-block-grid__product-title\">Kayak Familial<\/div>\n\t\t\t\t<\/a>\n\t\t\t\t<div class=\"wc-block-grid__product-price price\">De <span class=\"woocommerce-Price-amount amount\">28,00<span class=\"woocommerce-Price-currencySymbol\">&euro;<\/span><\/span> <small class=\"woocommerce-price-suffix\">(IVA inc.)<\/small><\/div>\n\t\t\t\t\n\t\t\t\t<div class=\"wp-block-button wc-block-grid__product-add-to-cart\"><a href=\"https:\/\/lloguers.kayakingcostabrava.com\/fr\/produit\/montgo-kayak-familiar\/\" aria-label=\"En savoir plus sur &ldquo;Kayak Familial&rdquo;\" data-quantity=\"1\" data-product_id=\"1039\" data-product_sku=\"\" data-price=\"28\" rel=\"nofollow\" class=\"wp-block-button__link  add_to_cart_button\">Lire la suite<\/a><\/div>\n\t\t\t<\/li><li class=\"wc-block-grid__product\">\n\t\t\t\t<a href=\"https:\/\/lloguers.kayakingcostabrava.com\/fr\/produit\/montgo-kayak-individual\/\" class=\"wc-block-grid__product-link\">\n\t\t\t\t\t\n\t\t\t\t\t<div class=\"wc-block-grid__product-image\"><img loading=\"lazy\" decoding=\"async\" width=\"300\" height=\"300\" src=\"https:\/\/lloguers.kayakingcostabrava.com\/wp-content\/uploads\/2024\/04\/kayack_individual-300x300.webp\" class=\"attachment-woocommerce_thumbnail size-woocommerce_thumbnail\" alt=\"kayack Individual: Perception - Pescador 120\" srcset=\"https:\/\/lloguers.kayakingcostabrava.com\/wp-content\/uploads\/2024\/04\/kayack_individual-300x300.webp 300w, https:\/\/lloguers.kayakingcostabrava.com\/wp-content\/uploads\/2024\/04\/kayack_individual-150x150.webp 150w, https:\/\/lloguers.kayakingcostabrava.com\/wp-content\/uploads\/2024\/04\/kayack_individual-768x768.webp 768w, https:\/\/lloguers.kayakingcostabrava.com\/wp-content\/uploads\/2024\/04\/kayack_individual-600x600.webp 600w, https:\/\/lloguers.kayakingcostabrava.com\/wp-content\/uploads\/2024\/04\/kayack_individual-100x100.webp 100w, https:\/\/lloguers.kayakingcostabrava.com\/wp-content\/uploads\/2024\/04\/kayack_individual.webp 800w\" sizes=\"auto, (max-width: 300px) 100vw, 300px\" \/><\/div>\n\t\t\t\t\t<div class=\"wc-block-grid__product-title\">Kayak Monoplace<\/div>\n\t\t\t\t<\/a>\n\t\t\t\t<div class=\"wc-block-grid__product-price price\">De <span class=\"woocommerce-Price-amount amount\">15,00<span class=\"woocommerce-Price-currencySymbol\">&euro;<\/span><\/span> <small class=\"woocommerce-price-suffix\">(IVA inc.)<\/small><\/div>\n\t\t\t\t\n\t\t\t\t<div class=\"wp-block-button wc-block-grid__product-add-to-cart\"><a href=\"https:\/\/lloguers.kayakingcostabrava.com\/fr\/produit\/montgo-kayak-individual\/\" aria-label=\"En savoir plus sur &ldquo;Kayak Monoplace&rdquo;\" data-quantity=\"1\" data-product_id=\"1173\" data-product_sku=\"\" data-price=\"15\" rel=\"nofollow\" class=\"wp-block-button__link  add_to_cart_button\">Lire la suite<\/a><\/div>\n\t\t\t<\/li><\/ul><\/div><\/div><\/div>\n<\/div><\/div><style>.kb-row-layout-id1071_8ff624-b3 > .kt-row-column-wrap{align-content:start;}:where(.kb-row-layout-id1071_8ff624-b3 > .kt-row-column-wrap) > .wp-block-kadence-column{justify-content:start;}.kb-row-layout-id1071_8ff624-b3 > .kt-row-column-wrap{column-gap:var(--global-kb-gap-md, 2rem);row-gap:var(--global-kb-gap-md, 2rem);padding-top:var(--global-kb-spacing-sm, 1.5rem);padding-bottom:var(--global-kb-spacing-sm, 1.5rem);grid-template-columns:minmax(0, 1fr);}.kb-row-layout-id1071_8ff624-b3 > .kt-row-layout-overlay{opacity:0.30;}@media all and (max-width: 1024px){.kb-row-layout-id1071_8ff624-b3 > .kt-row-column-wrap{grid-template-columns:minmax(0, 1fr);}}@media all and (max-width: 767px){.kb-row-layout-id1071_8ff624-b3 > .kt-row-column-wrap{grid-template-columns:minmax(0, 1fr);}}<\/style><div class=\"kb-row-layout-wrap kb-row-layout-id1071_8ff624-b3 alignnone wp-block-kadence-rowlayout\"><div class=\"kt-row-column-wrap kt-has-1-columns kt-row-layout-equal kt-tab-layout-inherit kt-mobile-layout-row kt-row-valign-top\">\n<style>.kadence-column1071_8ca28e-4c > .kt-inside-inner-col{padding-top:30px;padding-right:30px;padding-bottom:30px;padding-left:30px;}.kadence-column1071_8ca28e-4c > .kt-inside-inner-col,.kadence-column1071_8ca28e-4c > .kt-inside-inner-col:before{border-top-left-radius:0px;border-top-right-radius:0px;border-bottom-right-radius:0px;border-bottom-left-radius:0px;}.kadence-column1071_8ca28e-4c > .kt-inside-inner-col{column-gap:var(--global-kb-gap-sm, 1rem);}.kadence-column1071_8ca28e-4c > .kt-inside-inner-col{flex-direction:column;}.kadence-column1071_8ca28e-4c > .kt-inside-inner-col > .aligncenter{width:100%;}.kadence-column1071_8ca28e-4c > .kt-inside-inner-col:before{opacity:0.3;}.kadence-column1071_8ca28e-4c{position:relative;}@media all and (max-width: 1024px){.kadence-column1071_8ca28e-4c > .kt-inside-inner-col{flex-direction:column;}}@media all and (max-width: 767px){.kadence-column1071_8ca28e-4c > .kt-inside-inner-col{flex-direction:column;}}<\/style>\n<div class=\"wp-block-kadence-column kadence-column1071_8ca28e-4c inner-column-1 info-destacat\"><div class=\"kt-inside-inner-col\"><style>.kb-row-layout-id1071_87d861-80 > .kt-row-column-wrap{align-content:start;}:where(.kb-row-layout-id1071_87d861-80 > .kt-row-column-wrap) > .wp-block-kadence-column{justify-content:start;}.kb-row-layout-id1071_87d861-80 > .kt-row-column-wrap{column-gap:var(--global-kb-gap-md, 2rem);row-gap:var(--global-kb-gap-md, 2rem);padding-top:var(--global-kb-spacing-sm, 1.5rem);padding-bottom:var(--global-kb-spacing-sm, 1.5rem);grid-template-columns:minmax(0, calc(25% - ((var(--global-kb-gap-md, 2rem) * 2 )\/3)))minmax(0, calc(45% - ((var(--global-kb-gap-md, 2rem) * 2 )\/3)))minmax(0, calc(30% - ((var(--global-kb-gap-md, 2rem) * 2 )\/3)));}.kb-row-layout-id1071_87d861-80 > .kt-row-layout-overlay{opacity:0.30;}@media all and (max-width: 1024px){.kb-row-layout-id1071_87d861-80 > .kt-row-column-wrap > div:not(.added-for-specificity){grid-column:initial;}}@media all and (max-width: 1024px){.kb-row-layout-id1071_87d861-80 > .kt-row-column-wrap{grid-template-columns:repeat(3, minmax(0, 1fr));}}@media all and (max-width: 767px){.kb-row-layout-id1071_87d861-80 > .kt-row-column-wrap > div:not(.added-for-specificity){grid-column:initial;}.kb-row-layout-id1071_87d861-80 > .kt-row-column-wrap{grid-template-columns:minmax(0, 1fr);}}<\/style><div class=\"kb-row-layout-wrap kb-row-layout-id1071_87d861-80 alignnone wp-block-kadence-rowlayout\"><div class=\"kt-row-column-wrap kt-has-3-columns kt-row-layout-equal kt-tab-layout-inherit kt-mobile-layout-row kt-row-valign-top\">\n<style>.kadence-column1071_5c3031-12 > .kt-inside-inner-col,.kadence-column1071_5c3031-12 > .kt-inside-inner-col:before{border-top-left-radius:0px;border-top-right-radius:0px;border-bottom-right-radius:0px;border-bottom-left-radius:0px;}.kadence-column1071_5c3031-12 > .kt-inside-inner-col{column-gap:var(--global-kb-gap-sm, 1rem);}.kadence-column1071_5c3031-12 > .kt-inside-inner-col{flex-direction:column;}.kadence-column1071_5c3031-12 > .kt-inside-inner-col > .aligncenter{width:100%;}.kadence-column1071_5c3031-12 > .kt-inside-inner-col:before{opacity:0.3;}.kadence-column1071_5c3031-12{position:relative;}@media all and (max-width: 1024px){.kadence-column1071_5c3031-12 > .kt-inside-inner-col{flex-direction:column;}}@media all and (max-width: 767px){.kadence-column1071_5c3031-12 > .kt-inside-inner-col{flex-direction:column;}}<\/style>\n<div class=\"wp-block-kadence-column kadence-column1071_5c3031-12 inner-column-1\"><div class=\"kt-inside-inner-col\"><h3 class=\"wp-block-heading\" style=\"font-style:normal;font-weight:200\"><a href=\"https:\/\/www.google.com\/maps\/place\/Kayaking+Costa+Brava+Cala+Montg%C3%B3\/@42.1083474,3.1673238,18z\/data=!4m8!1m2!2m1!1sKayaking+Costa+Brava+Montg%C3%B3!3m4!1s0x0:0x44a1fced1ee92614!8m2!3d42.1073612!4d3.1689059\" target=\"_blank\" rel=\"noreferrer noopener\"><img loading=\"lazy\" decoding=\"async\" width=\"18\" height=\"22\" class=\"wp-image-322\" style=\"width: 18px;\" src=\"https:\/\/lloguers.kayakingcostabrava.com\/wp-content\/uploads\/2022\/03\/pin_01.png\" alt=\"\"> Localisation<\/a>  <\/h3>\n\n<p>Cala Montg\u00f3, l&rsquo;Escala.<\/p>\n\n<p><strong>Tel.:<\/strong> <a href=\"tel:+34620477558\">+34 620477558<\/a><\/p>\n\n<p><strong>Horaires :<\/strong>&nbsp;9h \u2013 19h<br>(*) Pendant les mois de juin et septembre, nous recommandons d\u2019appeler le bureau (972 773 806) pour v\u00e9rifier les horaires d\u2019ouverture.<\/p>\n\n<iframe src=\"https:\/\/www.google.com\/maps\/embed?pb=!1m18!1m12!1m3!1d1858.6044182899261!2d3.1677262503951944!3d42.10739191612258!2m3!1f0!2f0!3f0!3m2!1i1024!2i768!4f13.1!3m3!1m2!1s0x12ba5951e8be22a9%3A0x44a1fced1ee92614!2sKayaking%20Costa%20Brava%20Cala%20Montg%C3%B3!5e1!3m2!1sca!2ses!4v1753109249638!5m2!1sca!2ses\" width=\"400\" height=\"300\" style=\"border:0;\" allowfullscreen=\"\" loading=\"lazy\" referrerpolicy=\"no-referrer-when-downgrade\"><\/iframe><\/div><\/div>\n\n<style>.kadence-column1071_28d9ab-8e > .kt-inside-inner-col,.kadence-column1071_28d9ab-8e > .kt-inside-inner-col:before{border-top-left-radius:0px;border-top-right-radius:0px;border-bottom-right-radius:0px;border-bottom-left-radius:0px;}.kadence-column1071_28d9ab-8e > .kt-inside-inner-col{column-gap:var(--global-kb-gap-sm, 1rem);}.kadence-column1071_28d9ab-8e > .kt-inside-inner-col{flex-direction:column;}.kadence-column1071_28d9ab-8e > .kt-inside-inner-col > .aligncenter{width:100%;}.kadence-column1071_28d9ab-8e > .kt-inside-inner-col:before{opacity:0.3;}.kadence-column1071_28d9ab-8e{position:relative;}@media all and (max-width: 1024px){.kadence-column1071_28d9ab-8e > .kt-inside-inner-col{flex-direction:column;}}@media all and (max-width: 767px){.kadence-column1071_28d9ab-8e > .kt-inside-inner-col{flex-direction:column;}}<\/style>\n<div class=\"wp-block-kadence-column kadence-column1071_28d9ab-8e inner-column-2\"><div class=\"kt-inside-inner-col\"><h3 class=\"wp-block-heading\" style=\"font-style:normal;font-weight:200\">Exemples d&rsquo;itin\u00e9raires :<\/h3>\n\n<p><a href=\"https:\/\/es.wikiloc.com\/rutas-kayac\/cala-montgo-illes-medes-lestartit-24857676\" target=\"_blank\" rel=\"noreferrer noopener\">CALA MONTG\u00d3 &#8211; ILLES MEDES &#8211; ESTARTIT<\/a><br><a href=\"https:\/\/es.wikiloc.com\/rutas-kayac\/montgo-la-foradada-24679881\" target=\"_blank\" rel=\"noreferrer noopener\">MONTG\u00d3 &#8211; LA FORADADA<\/a><\/p><\/div><\/div>\n\n<style>.kadence-column1071_e7d8b1-3b > .kt-inside-inner-col,.kadence-column1071_e7d8b1-3b > .kt-inside-inner-col:before{border-top-left-radius:0px;border-top-right-radius:0px;border-bottom-right-radius:0px;border-bottom-left-radius:0px;}.kadence-column1071_e7d8b1-3b > .kt-inside-inner-col{column-gap:var(--global-kb-gap-sm, 1rem);}.kadence-column1071_e7d8b1-3b > .kt-inside-inner-col{flex-direction:column;}.kadence-column1071_e7d8b1-3b > .kt-inside-inner-col > .aligncenter{width:100%;}.kadence-column1071_e7d8b1-3b > .kt-inside-inner-col:before{opacity:0.3;}.kadence-column1071_e7d8b1-3b{position:relative;}@media all and (max-width: 1024px){.kadence-column1071_e7d8b1-3b > .kt-inside-inner-col{flex-direction:column;}}@media all and (max-width: 767px){.kadence-column1071_e7d8b1-3b > .kt-inside-inner-col{flex-direction:column;}}<\/style>\n<div class=\"wp-block-kadence-column kadence-column1071_e7d8b1-3b inner-column-3\"><div class=\"kt-inside-inner-col\"><h3 class=\"wp-block-heading\" style=\"font-style:normal;font-weight:200\">Recoins et criques<\/h3>\n\n<ul class=\"wp-block-list list_01\"><li>L\u2019espadat de la Punta Mil\u00e0<\/li>\n\n<li>Punta Ventosa<\/li>\n\n<li>Cova de Baix de Cols<\/li>\n\n<li>La Basseta<\/li>\n\n<li>Cova d\u2019en Tom\u00e0s Ras<\/li>\n\n<li>Tres Coves<\/li>\n\n<li>Cala Ferriol<\/li>\n\n<li>L\u2019impressionant t\u00fanel de La Foradada<\/li><\/ul><\/div><\/div>\n<\/div><\/div><\/div><\/div>\n<\/div><\/div><p><\/p>","protected":false},"excerpt":{"rendered":"<p>Montg\u00f3 Cala Montg\u00f3 situ\u00e9 dans le Parc Naturel du Montgr\u00ed, des \u00eeles Medes et du Baix Ter comprend la c\u00f4te du Massif de Montgr\u00ed, caract\u00e9ris\u00e9e par ses imposantes falaises ponctu\u00e9es de petites criques, crevasses, tunnels et grottes d\u2019une grande beaut\u00e9 qui donnent plein sens au nom de Costa Brava. Pour les r\u00e9servations le jour m\u00eame &hellip;<\/p>\n","protected":false},"author":5,"featured_media":0,"parent":0,"menu_order":0,"comment_status":"closed","ping_status":"closed","template":"templates\/template-builder.php","meta":{"footnotes":""},"class_list":["post-1071","page","type-page","status-publish","hentry","post","without-featured-image"],"_links":{"self":[{"href":"https:\/\/lloguers.kayakingcostabrava.com\/fr\/wp-json\/wp\/v2\/pages\/1071","targetHints":{"allow":["GET"]}}],"collection":[{"href":"https:\/\/lloguers.kayakingcostabrava.com\/fr\/wp-json\/wp\/v2\/pages"}],"about":[{"href":"https:\/\/lloguers.kayakingcostabrava.com\/fr\/wp-json\/wp\/v2\/types\/page"}],"author":[{"embeddable":true,"href":"https:\/\/lloguers.kayakingcostabrava.com\/fr\/wp-json\/wp\/v2\/users\/5"}],"replies":[{"embeddable":true,"href":"https:\/\/lloguers.kayakingcostabrava.com\/fr\/wp-json\/wp\/v2\/comments?post=1071"}],"version-history":[{"count":17,"href":"https:\/\/lloguers.kayakingcostabrava.com\/fr\/wp-json\/wp\/v2\/pages\/1071\/revisions"}],"predecessor-version":[{"id":2445,"href":"https:\/\/lloguers.kayakingcostabrava.com\/fr\/wp-json\/wp\/v2\/pages\/1071\/revisions\/2445"}],"wp:attachment":[{"href":"https:\/\/lloguers.kayakingcostabrava.com\/fr\/wp-json\/wp\/v2\/media?parent=1071"}],"curies":[{"name":"wp","href":"https:\/\/api.w.org\/{rel}","templated":true}]}}