{"id":1077,"date":"2021-06-24T12:43:27","date_gmt":"2021-06-24T10:43:27","guid":{"rendered":"https:\/\/lloguers.kayakingcostabrava.com\/base-portlligat\/"},"modified":"2025-07-21T18:38:15","modified_gmt":"2025-07-21T16:38:15","slug":"base-portlligat","status":"publish","type":"page","link":"https:\/\/lloguers.kayakingcostabrava.com\/fr\/base-portlligat\/","title":{"rendered":"Portlligat"},"content":{"rendered":"<p>[display_banner base=\u00a0\u00bbportlligat\u00a0\u00bb]<\/p><style>.kb-row-layout-id1077_c3e7eb-c2 > .kt-row-column-wrap{align-content:start;}:where(.kb-row-layout-id1077_c3e7eb-c2 > .kt-row-column-wrap) > .wp-block-kadence-column{justify-content:start;}.kb-row-layout-id1077_c3e7eb-c2 > .kt-row-column-wrap{column-gap:var(--global-kb-gap-md, 2rem);row-gap:var(--global-kb-gap-md, 2rem);padding-top:100px;padding-bottom:25px;grid-template-columns:minmax(0, 1fr) minmax(0, 2fr);}.kb-row-layout-id1077_c3e7eb-c2 > .kt-row-layout-overlay{opacity:0.30;}@media all and (max-width: 1024px){.kb-row-layout-id1077_c3e7eb-c2 > .kt-row-column-wrap{grid-template-columns:minmax(0, 1fr) minmax(0, 2fr);}}@media all and (max-width: 767px){.kb-row-layout-id1077_c3e7eb-c2 > .kt-row-column-wrap{grid-template-columns:minmax(0, 1fr);}}<\/style><div class=\"kb-row-layout-wrap kb-row-layout-id1077_c3e7eb-c2 alignnone wp-block-kadence-rowlayout\"><div class=\"kt-row-column-wrap kt-has-2-columns kt-row-layout-right-golden kt-tab-layout-inherit kt-mobile-layout-row kt-row-valign-top\">\n<style>.kadence-column1077_5c1d26-49 > .kt-inside-inner-col,.kadence-column1077_5c1d26-49 > .kt-inside-inner-col:before{border-top-left-radius:0px;border-top-right-radius:0px;border-bottom-right-radius:0px;border-bottom-left-radius:0px;}.kadence-column1077_5c1d26-49 > .kt-inside-inner-col{column-gap:var(--global-kb-gap-sm, 1rem);}.kadence-column1077_5c1d26-49 > .kt-inside-inner-col{flex-direction:column;}.kadence-column1077_5c1d26-49 > .kt-inside-inner-col > .aligncenter{width:100%;}.kadence-column1077_5c1d26-49 > .kt-inside-inner-col:before{opacity:0.3;}.kadence-column1077_5c1d26-49{position:relative;}@media all and (max-width: 1024px){.kadence-column1077_5c1d26-49 > .kt-inside-inner-col{flex-direction:column;}}@media all and (max-width: 767px){.kadence-column1077_5c1d26-49 > .kt-inside-inner-col{flex-direction:column;}}<\/style>\n<div class=\"wp-block-kadence-column kadence-column1077_5c1d26-49 inner-column-1\"><div class=\"kt-inside-inner-col\"><h1 class=\"wp-block-heading has-text-align-left\">Portlligat<\/h1>\n\n<p>Au d\u00e9part de <strong>Portlligat<\/strong>, plusieurs itin\u00e9raires sont propos\u00e9s \u00e0 travers le <strong>Parc Naturel du Cap de Creus<\/strong>, un espace naturel de premier ordre dont la configuration g\u00e9ologique et climatologique forme un paysage unique.<\/p>\n\n<guidap-activity-reserve-button activity-uuid=\"b5AtezDwoUfPjmdBKVnSFIpygC0M7vGHEQrk\"><\/guidap-activity-reserve-button><\/div><\/div>\n\n<style>.kadence-column1077_c54087-12 > .kt-inside-inner-col,.kadence-column1077_c54087-12 > .kt-inside-inner-col:before{border-top-left-radius:0px;border-top-right-radius:0px;border-bottom-right-radius:0px;border-bottom-left-radius:0px;}.kadence-column1077_c54087-12 > .kt-inside-inner-col{column-gap:var(--global-kb-gap-sm, 1rem);}.kadence-column1077_c54087-12 > .kt-inside-inner-col{flex-direction:column;}.kadence-column1077_c54087-12 > .kt-inside-inner-col > .aligncenter{width:100%;}.kadence-column1077_c54087-12 > .kt-inside-inner-col:before{opacity:0.3;}.kadence-column1077_c54087-12{position:relative;}@media all and (max-width: 1024px){.kadence-column1077_c54087-12 > .kt-inside-inner-col{flex-direction:column;}}@media all and (max-width: 767px){.kadence-column1077_c54087-12 > .kt-inside-inner-col{flex-direction:column;}}<\/style>\n<div class=\"wp-block-kadence-column kadence-column1077_c54087-12 inner-column-2\"><div class=\"kt-inside-inner-col\"><div data-block-name=\"woocommerce\/product-category\" data-categories=\"[55]\" data-columns=\"4\" data-orderby=\"title\" data-rows=\"2\" class=\"wc-block-grid wp-block-product-category wp-block-woocommerce-product-category wc-block-product-category has-4-columns has-multiple-rows\"><ul class=\"wc-block-grid__products\"><li class=\"wc-block-grid__product\">\n\t\t\t\t<a href=\"https:\/\/lloguers.kayakingcostabrava.com\/fr\/produit\/port-lligat-kayak-doble\/\" class=\"wc-block-grid__product-link\">\n\t\t\t\t\t\n\t\t\t\t\t<div class=\"wc-block-grid__product-image\"><img loading=\"lazy\" decoding=\"async\" width=\"300\" height=\"300\" src=\"https:\/\/lloguers.kayakingcostabrava.com\/wp-content\/uploads\/2024\/04\/kayack_doble-300x300.webp\" class=\"attachment-woocommerce_thumbnail size-woocommerce_thumbnail\" alt=\"Doble: (FeelFree - Gemini)\" srcset=\"https:\/\/lloguers.kayakingcostabrava.com\/wp-content\/uploads\/2024\/04\/kayack_doble-300x300.webp 300w, https:\/\/lloguers.kayakingcostabrava.com\/wp-content\/uploads\/2024\/04\/kayack_doble-150x150.webp 150w, https:\/\/lloguers.kayakingcostabrava.com\/wp-content\/uploads\/2024\/04\/kayack_doble-768x768.webp 768w, https:\/\/lloguers.kayakingcostabrava.com\/wp-content\/uploads\/2024\/04\/kayack_doble-600x600.webp 600w, https:\/\/lloguers.kayakingcostabrava.com\/wp-content\/uploads\/2024\/04\/kayack_doble-100x100.webp 100w, https:\/\/lloguers.kayakingcostabrava.com\/wp-content\/uploads\/2024\/04\/kayack_doble.webp 800w\" sizes=\"auto, (max-width: 300px) 100vw, 300px\" \/><\/div>\n\t\t\t\t\t<div class=\"wc-block-grid__product-title\">Kayak Biplace<\/div>\n\t\t\t\t<\/a>\n\t\t\t\t<div class=\"wc-block-grid__product-price price\">De <span class=\"woocommerce-Price-amount amount\">21,00<span class=\"woocommerce-Price-currencySymbol\">&euro;<\/span><\/span> <small class=\"woocommerce-price-suffix\">(IVA inc.)<\/small><\/div>\n\t\t\t\t\n\t\t\t\t<div class=\"wp-block-button wc-block-grid__product-add-to-cart\"><a href=\"https:\/\/lloguers.kayakingcostabrava.com\/fr\/produit\/port-lligat-kayak-doble\/\" aria-label=\"En savoir plus sur &ldquo;Kayak Biplace&rdquo;\" data-quantity=\"1\" data-product_id=\"1164\" data-product_sku=\"\" data-price=\"21\" rel=\"nofollow\" class=\"wp-block-button__link  add_to_cart_button\">Lire la suite<\/a><\/div>\n\t\t\t<\/li><li class=\"wc-block-grid__product\">\n\t\t\t\t<a href=\"https:\/\/lloguers.kayakingcostabrava.com\/fr\/produit\/kayak-familiar\/\" class=\"wc-block-grid__product-link\">\n\t\t\t\t\t\n\t\t\t\t\t<div class=\"wc-block-grid__product-image\"><img loading=\"lazy\" decoding=\"async\" width=\"300\" height=\"300\" src=\"https:\/\/lloguers.kayakingcostabrava.com\/wp-content\/uploads\/2024\/04\/kayack_familiar-300x300.webp\" class=\"attachment-woocommerce_thumbnail size-woocommerce_thumbnail\" alt=\"kayack Individual: Perception - Pescador 120\" srcset=\"https:\/\/lloguers.kayakingcostabrava.com\/wp-content\/uploads\/2024\/04\/kayack_familiar-300x300.webp 300w, https:\/\/lloguers.kayakingcostabrava.com\/wp-content\/uploads\/2024\/04\/kayack_familiar-150x150.webp 150w, https:\/\/lloguers.kayakingcostabrava.com\/wp-content\/uploads\/2024\/04\/kayack_familiar-768x768.webp 768w, https:\/\/lloguers.kayakingcostabrava.com\/wp-content\/uploads\/2024\/04\/kayack_familiar-600x600.webp 600w, https:\/\/lloguers.kayakingcostabrava.com\/wp-content\/uploads\/2024\/04\/kayack_familiar-100x100.webp 100w, https:\/\/lloguers.kayakingcostabrava.com\/wp-content\/uploads\/2024\/04\/kayack_familiar.webp 800w\" sizes=\"auto, (max-width: 300px) 100vw, 300px\" \/><\/div>\n\t\t\t\t\t<div class=\"wc-block-grid__product-title\">Kayak Familial<\/div>\n\t\t\t\t<\/a>\n\t\t\t\t<div class=\"wc-block-grid__product-price price\">De <span class=\"woocommerce-Price-amount amount\">28,00<span class=\"woocommerce-Price-currencySymbol\">&euro;<\/span><\/span> <small class=\"woocommerce-price-suffix\">(IVA inc.)<\/small><\/div>\n\t\t\t\t\n\t\t\t\t<div class=\"wp-block-button wc-block-grid__product-add-to-cart\"><a href=\"https:\/\/lloguers.kayakingcostabrava.com\/fr\/produit\/kayak-familiar\/\" aria-label=\"En savoir plus sur &ldquo;Kayak Familial&rdquo;\" data-quantity=\"1\" data-product_id=\"1032\" data-product_sku=\"\" data-price=\"28\" rel=\"nofollow\" class=\"wp-block-button__link  add_to_cart_button\">Lire la suite<\/a><\/div>\n\t\t\t<\/li><li class=\"wc-block-grid__product\">\n\t\t\t\t<a href=\"https:\/\/lloguers.kayakingcostabrava.com\/fr\/produit\/port-lligat-kayak-individual\/\" class=\"wc-block-grid__product-link\">\n\t\t\t\t\t\n\t\t\t\t\t<div class=\"wc-block-grid__product-image\"><img loading=\"lazy\" decoding=\"async\" width=\"300\" height=\"300\" src=\"https:\/\/lloguers.kayakingcostabrava.com\/wp-content\/uploads\/2024\/04\/kayack_individual-300x300.webp\" class=\"attachment-woocommerce_thumbnail size-woocommerce_thumbnail\" alt=\"kayack Individual: Perception - Pescador 120\" srcset=\"https:\/\/lloguers.kayakingcostabrava.com\/wp-content\/uploads\/2024\/04\/kayack_individual-300x300.webp 300w, https:\/\/lloguers.kayakingcostabrava.com\/wp-content\/uploads\/2024\/04\/kayack_individual-150x150.webp 150w, https:\/\/lloguers.kayakingcostabrava.com\/wp-content\/uploads\/2024\/04\/kayack_individual-768x768.webp 768w, https:\/\/lloguers.kayakingcostabrava.com\/wp-content\/uploads\/2024\/04\/kayack_individual-600x600.webp 600w, https:\/\/lloguers.kayakingcostabrava.com\/wp-content\/uploads\/2024\/04\/kayack_individual-100x100.webp 100w, https:\/\/lloguers.kayakingcostabrava.com\/wp-content\/uploads\/2024\/04\/kayack_individual.webp 800w\" sizes=\"auto, (max-width: 300px) 100vw, 300px\" \/><\/div>\n\t\t\t\t\t<div class=\"wc-block-grid__product-title\">Kayak individuel<\/div>\n\t\t\t\t<\/a>\n\t\t\t\t<div class=\"wc-block-grid__product-price price\">De <span class=\"woocommerce-Price-amount amount\">15,00<span class=\"woocommerce-Price-currencySymbol\">&euro;<\/span><\/span> <small class=\"woocommerce-price-suffix\">(IVA inc.)<\/small><\/div>\n\t\t\t\t\n\t\t\t\t<div class=\"wp-block-button wc-block-grid__product-add-to-cart\"><a href=\"https:\/\/lloguers.kayakingcostabrava.com\/fr\/produit\/port-lligat-kayak-individual\/\" aria-label=\"En savoir plus sur &ldquo;Kayak individuel&rdquo;\" data-quantity=\"1\" data-product_id=\"1167\" data-product_sku=\"\" data-price=\"15\" rel=\"nofollow\" class=\"wp-block-button__link  add_to_cart_button\">Lire la suite<\/a><\/div>\n\t\t\t<\/li><li class=\"wc-block-grid__product\">\n\t\t\t\t<a href=\"https:\/\/lloguers.kayakingcostabrava.com\/fr\/produit\/portlligat-paddle-individual\/\" class=\"wc-block-grid__product-link\">\n\t\t\t\t\t\n\t\t\t\t\t<div class=\"wc-block-grid__product-image\"><img loading=\"lazy\" decoding=\"async\" width=\"300\" height=\"300\" src=\"https:\/\/lloguers.kayakingcostabrava.com\/wp-content\/uploads\/2023\/07\/producto_paddle-300x300.webp\" class=\"attachment-woocommerce_thumbnail size-woocommerce_thumbnail\" alt=\"Paddle\" srcset=\"https:\/\/lloguers.kayakingcostabrava.com\/wp-content\/uploads\/2023\/07\/producto_paddle-300x300.webp 300w, https:\/\/lloguers.kayakingcostabrava.com\/wp-content\/uploads\/2023\/07\/producto_paddle-150x150.webp 150w, https:\/\/lloguers.kayakingcostabrava.com\/wp-content\/uploads\/2023\/07\/producto_paddle-768x768.webp 768w, https:\/\/lloguers.kayakingcostabrava.com\/wp-content\/uploads\/2023\/07\/producto_paddle-600x600.webp 600w, https:\/\/lloguers.kayakingcostabrava.com\/wp-content\/uploads\/2023\/07\/producto_paddle-100x100.webp 100w, https:\/\/lloguers.kayakingcostabrava.com\/wp-content\/uploads\/2023\/07\/producto_paddle.webp 800w\" sizes=\"auto, (max-width: 300px) 100vw, 300px\" \/><\/div>\n\t\t\t\t\t<div class=\"wc-block-grid__product-title\">Stand Up Paddle<\/div>\n\t\t\t\t<\/a>\n\t\t\t\t<div class=\"wc-block-grid__product-price price\">De <span class=\"woocommerce-Price-amount amount\">15,00<span class=\"woocommerce-Price-currencySymbol\">&euro;<\/span><\/span> <small class=\"woocommerce-price-suffix\">(IVA inc.)<\/small><\/div>\n\t\t\t\t\n\t\t\t\t<div class=\"wp-block-button wc-block-grid__product-add-to-cart\"><a href=\"https:\/\/lloguers.kayakingcostabrava.com\/fr\/produit\/portlligat-paddle-individual\/\" aria-label=\"En savoir plus sur &ldquo;Stand Up Paddle&rdquo;\" data-quantity=\"1\" data-product_id=\"1028\" data-product_sku=\"\" data-price=\"15\" rel=\"nofollow\" class=\"wp-block-button__link  add_to_cart_button\">Lire la suite<\/a><\/div>\n\t\t\t<\/li><\/ul><\/div><\/div><\/div>\n<\/div><\/div><style>.kb-row-layout-id1077_6ff3ad-f4 > .kt-row-column-wrap{align-content:start;}:where(.kb-row-layout-id1077_6ff3ad-f4 > .kt-row-column-wrap) > .wp-block-kadence-column{justify-content:start;}.kb-row-layout-id1077_6ff3ad-f4 > .kt-row-column-wrap{column-gap:var(--global-kb-gap-md, 2rem);row-gap:var(--global-kb-gap-md, 2rem);padding-top:var(--global-kb-spacing-sm, 1.5rem);padding-bottom:var(--global-kb-spacing-sm, 1.5rem);grid-template-columns:minmax(0, 1fr);}.kb-row-layout-id1077_6ff3ad-f4 > .kt-row-layout-overlay{opacity:0.30;}@media all and (max-width: 1024px){.kb-row-layout-id1077_6ff3ad-f4 > .kt-row-column-wrap{grid-template-columns:minmax(0, 1fr);}}@media all and (max-width: 767px){.kb-row-layout-id1077_6ff3ad-f4 > .kt-row-column-wrap{grid-template-columns:minmax(0, 1fr);}}<\/style><div class=\"kb-row-layout-wrap kb-row-layout-id1077_6ff3ad-f4 alignnone wp-block-kadence-rowlayout\"><div class=\"kt-row-column-wrap kt-has-1-columns kt-row-layout-equal kt-tab-layout-inherit kt-mobile-layout-row kt-row-valign-top\">\n<style>.kadence-column1077_6bf80f-01 > .kt-inside-inner-col{padding-top:30px;padding-right:30px;padding-bottom:30px;padding-left:30px;}.kadence-column1077_6bf80f-01 > .kt-inside-inner-col,.kadence-column1077_6bf80f-01 > .kt-inside-inner-col:before{border-top-left-radius:0px;border-top-right-radius:0px;border-bottom-right-radius:0px;border-bottom-left-radius:0px;}.kadence-column1077_6bf80f-01 > .kt-inside-inner-col{column-gap:var(--global-kb-gap-sm, 1rem);}.kadence-column1077_6bf80f-01 > .kt-inside-inner-col{flex-direction:column;}.kadence-column1077_6bf80f-01 > .kt-inside-inner-col > .aligncenter{width:100%;}.kadence-column1077_6bf80f-01 > .kt-inside-inner-col:before{opacity:0.3;}.kadence-column1077_6bf80f-01{position:relative;}@media all and (max-width: 1024px){.kadence-column1077_6bf80f-01 > .kt-inside-inner-col{flex-direction:column;}}@media all and (max-width: 767px){.kadence-column1077_6bf80f-01 > .kt-inside-inner-col{flex-direction:column;}}<\/style>\n<div class=\"wp-block-kadence-column kadence-column1077_6bf80f-01 inner-column-1 info-destacat\"><div class=\"kt-inside-inner-col\"><style>.kb-row-layout-id1077_2e4e51-69 > .kt-row-column-wrap{align-content:start;}:where(.kb-row-layout-id1077_2e4e51-69 > .kt-row-column-wrap) > .wp-block-kadence-column{justify-content:start;}.kb-row-layout-id1077_2e4e51-69 > .kt-row-column-wrap{column-gap:var(--global-kb-gap-md, 2rem);row-gap:var(--global-kb-gap-md, 2rem);padding-top:var(--global-kb-spacing-sm, 1.5rem);padding-bottom:var(--global-kb-spacing-sm, 1.5rem);grid-template-columns:minmax(0, calc(25% - ((var(--global-kb-gap-md, 2rem) * 2 )\/3)))minmax(0, calc(45% - ((var(--global-kb-gap-md, 2rem) * 2 )\/3)))minmax(0, calc(30% - ((var(--global-kb-gap-md, 2rem) * 2 )\/3)));}.kb-row-layout-id1077_2e4e51-69 > .kt-row-layout-overlay{opacity:0.30;}@media all and (max-width: 1024px){.kb-row-layout-id1077_2e4e51-69 > .kt-row-column-wrap > div:not(.added-for-specificity){grid-column:initial;}}@media all and (max-width: 1024px){.kb-row-layout-id1077_2e4e51-69 > .kt-row-column-wrap{grid-template-columns:repeat(3, minmax(0, 1fr));}}@media all and (max-width: 767px){.kb-row-layout-id1077_2e4e51-69 > .kt-row-column-wrap > div:not(.added-for-specificity){grid-column:initial;}.kb-row-layout-id1077_2e4e51-69 > .kt-row-column-wrap{grid-template-columns:minmax(0, 1fr);}}<\/style><div class=\"kb-row-layout-wrap kb-row-layout-id1077_2e4e51-69 alignnone wp-block-kadence-rowlayout\"><div class=\"kt-row-column-wrap kt-has-3-columns kt-row-layout-equal kt-tab-layout-inherit kt-mobile-layout-row kt-row-valign-top\">\n<style>.kadence-column1077_1b9951-b9 > .kt-inside-inner-col,.kadence-column1077_1b9951-b9 > .kt-inside-inner-col:before{border-top-left-radius:0px;border-top-right-radius:0px;border-bottom-right-radius:0px;border-bottom-left-radius:0px;}.kadence-column1077_1b9951-b9 > .kt-inside-inner-col{column-gap:var(--global-kb-gap-sm, 1rem);}.kadence-column1077_1b9951-b9 > .kt-inside-inner-col{flex-direction:column;}.kadence-column1077_1b9951-b9 > .kt-inside-inner-col > .aligncenter{width:100%;}.kadence-column1077_1b9951-b9 > .kt-inside-inner-col:before{opacity:0.3;}.kadence-column1077_1b9951-b9{position:relative;}@media all and (max-width: 1024px){.kadence-column1077_1b9951-b9 > .kt-inside-inner-col{flex-direction:column;}}@media all and (max-width: 767px){.kadence-column1077_1b9951-b9 > .kt-inside-inner-col{flex-direction:column;}}<\/style>\n<div class=\"wp-block-kadence-column kadence-column1077_1b9951-b9 inner-column-1\"><div class=\"kt-inside-inner-col\"><h3 class=\"wp-block-heading\" style=\"font-style:normal;font-weight:200\"><a href=\"https:\/\/www.google.com\/maps\/place\/Kayaking+Costa+Brava+Portlligat\/@42.294066,3.286894,15z\/data=!4m5!3m4!1s0x0:0xab439d98149a4d8a!8m2!3d42.294066!4d3.286894\" target=\"_blank\" rel=\"noreferrer noopener\"><img loading=\"lazy\" decoding=\"async\" width=\"18\" height=\"22\" class=\"wp-image-322\" style=\"width: 18px;\" src=\"https:\/\/lloguers.kayakingcostabrava.com\/wp-content\/uploads\/2022\/03\/pin_01.png\" alt=\"\"><\/a><a href=\"https:\/\/www.google.com\/maps\/place\/Kayaking+Costa+Brava+Portlligat\/@42.294066,3.286894,15z\/data=!4m5!3m4!1s0x0:0xab439d98149a4d8a!8m2!3d42.294066!4d3.286894https:\/\/www.google.com\/maps\/place\/Kayaking+Costa+Brava+Portlligat\/@42.294066,3.286894,15z\/data=!4m5!3m4!1s0x0:0xab439d98149a4d8a!8m2!3d42.294066!4d3.286894\" target=\"_blank\" rel=\"noreferrer noopener\"> Localisation<\/a>  <\/h3>\n\n<p>Plage de Portlligat,<br>Cadaqu\u00e9s.<\/p>\n\n<p><strong>Tel.: <\/strong>+34 646901588<br><strong>Horaires :<\/strong>&nbsp;9h \u2013 19h<br>(*) Pendant les mois de juin et septembre, nous recommandons d\u2019appeler le bureau (972 773 806) pour v\u00e9rifier les horaires d\u2019ouverture.<\/p>\n\n<iframe src=\"https:\/\/www.google.com\/maps\/embed?pb=!1m18!1m12!1m3!1d2597.7165887711967!2d3.284844811195995!3d42.29448657107892!2m3!1f0!2f0!3f0!3m2!1i1024!2i768!4f13.1!3m3!1m2!1s0x12ba6f10924d2723%3A0xab439d98149a4d8a!2sKayaking%20Costa%20Brava%20Portlligat!5e1!3m2!1sca!2ses!4v1753109468439!5m2!1sca!2ses\" width=\"400\" height=\"300\" style=\"border:0;\" allowfullscreen=\"\" loading=\"lazy\" referrerpolicy=\"no-referrer-when-downgrade\"><\/iframe><\/div><\/div>\n\n<style>.kadence-column1077_f07a69-81 > .kt-inside-inner-col,.kadence-column1077_f07a69-81 > .kt-inside-inner-col:before{border-top-left-radius:0px;border-top-right-radius:0px;border-bottom-right-radius:0px;border-bottom-left-radius:0px;}.kadence-column1077_f07a69-81 > .kt-inside-inner-col{column-gap:var(--global-kb-gap-sm, 1rem);}.kadence-column1077_f07a69-81 > .kt-inside-inner-col{flex-direction:column;}.kadence-column1077_f07a69-81 > .kt-inside-inner-col > .aligncenter{width:100%;}.kadence-column1077_f07a69-81 > .kt-inside-inner-col:before{opacity:0.3;}.kadence-column1077_f07a69-81{position:relative;}@media all and (max-width: 1024px){.kadence-column1077_f07a69-81 > .kt-inside-inner-col{flex-direction:column;}}@media all and (max-width: 767px){.kadence-column1077_f07a69-81 > .kt-inside-inner-col{flex-direction:column;}}<\/style>\n<div class=\"wp-block-kadence-column kadence-column1077_f07a69-81 inner-column-2\"><div class=\"kt-inside-inner-col\"><h3 class=\"wp-block-heading\" style=\"font-style:normal;font-weight:200\">Exemples d&rsquo;itin\u00e9raires :<\/h3>\n\n<p><a href=\"https:\/\/es.wikiloc.com\/rutas-kayac\/portlligat-port-de-la-selva-24813910\" target=\"_blank\" rel=\"noreferrer noopener\">PORTLLIGAT &#8211; PORT DE LA SELVA<\/a><br><a href=\"https:\/\/es.wikiloc.com\/rutas-kayac\/portlligat-cala-culip-en-caiac-24808790\" target=\"_blank\" rel=\"noreferrer noopener\">PORTLLIGAT &#8211; CALA CULIP<\/a><br><a href=\"https:\/\/es.wikiloc.com\/rutas-kayac\/portlligat-illa-de-portlligat-salqueria-24678314\" target=\"_blank\" rel=\"noreferrer noopener\">PORTLLIGAT &#8211; ILLA DE PORTLLIGAT &#8211; S&rsquo;ALQUERIA<\/a><br><a href=\"https:\/\/es.wikiloc.com\/rutas-kayac\/portlligat-cala-bona-24676490\" target=\"_blank\" rel=\"noreferrer noopener\">PORTLLIGAT &#8211; CALA BONA<\/a><\/p><\/div><\/div>\n\n<style>.kadence-column1077_711f5f-b6 > .kt-inside-inner-col,.kadence-column1077_711f5f-b6 > .kt-inside-inner-col:before{border-top-left-radius:0px;border-top-right-radius:0px;border-bottom-right-radius:0px;border-bottom-left-radius:0px;}.kadence-column1077_711f5f-b6 > .kt-inside-inner-col{column-gap:var(--global-kb-gap-sm, 1rem);}.kadence-column1077_711f5f-b6 > .kt-inside-inner-col{flex-direction:column;}.kadence-column1077_711f5f-b6 > .kt-inside-inner-col > .aligncenter{width:100%;}.kadence-column1077_711f5f-b6 > .kt-inside-inner-col:before{opacity:0.3;}.kadence-column1077_711f5f-b6{position:relative;}@media all and (max-width: 1024px){.kadence-column1077_711f5f-b6 > .kt-inside-inner-col{flex-direction:column;}}@media all and (max-width: 767px){.kadence-column1077_711f5f-b6 > .kt-inside-inner-col{flex-direction:column;}}<\/style>\n<div class=\"wp-block-kadence-column kadence-column1077_711f5f-b6 inner-column-3\"><div class=\"kt-inside-inner-col\"><h3 class=\"wp-block-heading\" style=\"font-style:normal;font-weight:200\">Recoins et criques<\/h3>\n\n<ul class=\"wp-block-list list_01\"><li>Platja de s\u2019Alqueria<\/li>\n\n<li>Cap d\u2019en Roig<\/li>\n\n<li>Es Jonquet<\/li>\n\n<li>Badia de Guillola<\/li>\n\n<li>Rac\u00f3 de l\u2019Home<\/li>\n\n<li>Punta des Pi<\/li>\n\n<li>Platja de Guillola<\/li>\n\n<li>Punta d\u2019en Cudera<\/li>\n\n<li>Cala Seca<\/li>\n\n<li>Cala Bona<\/li><\/ul><\/div><\/div>\n<\/div><\/div><\/div><\/div>\n<\/div><\/div>","protected":false},"excerpt":{"rendered":"<p>Portlligat Au d\u00e9part de Portlligat, plusieurs itin\u00e9raires sont propos\u00e9s \u00e0 travers le Parc Naturel du Cap de Creus, un espace naturel de premier ordre dont la configuration g\u00e9ologique et climatologique forme un paysage unique. Localisation Plage de Portlligat,Cadaqu\u00e9s. Tel.: +34 646901588Horaires :&nbsp;9h \u2013 19h(*) Pendant les mois de juin et septembre, nous recommandons d\u2019appeler le &hellip;<\/p>\n","protected":false},"author":5,"featured_media":0,"parent":0,"menu_order":0,"comment_status":"closed","ping_status":"closed","template":"templates\/template-builder.php","meta":{"footnotes":""},"class_list":["post-1077","page","type-page","status-publish","hentry","post","without-featured-image"],"_links":{"self":[{"href":"https:\/\/lloguers.kayakingcostabrava.com\/fr\/wp-json\/wp\/v2\/pages\/1077","targetHints":{"allow":["GET"]}}],"collection":[{"href":"https:\/\/lloguers.kayakingcostabrava.com\/fr\/wp-json\/wp\/v2\/pages"}],"about":[{"href":"https:\/\/lloguers.kayakingcostabrava.com\/fr\/wp-json\/wp\/v2\/types\/page"}],"author":[{"embeddable":true,"href":"https:\/\/lloguers.kayakingcostabrava.com\/fr\/wp-json\/wp\/v2\/users\/5"}],"replies":[{"embeddable":true,"href":"https:\/\/lloguers.kayakingcostabrava.com\/fr\/wp-json\/wp\/v2\/comments?post=1077"}],"version-history":[{"count":14,"href":"https:\/\/lloguers.kayakingcostabrava.com\/fr\/wp-json\/wp\/v2\/pages\/1077\/revisions"}],"predecessor-version":[{"id":2327,"href":"https:\/\/lloguers.kayakingcostabrava.com\/fr\/wp-json\/wp\/v2\/pages\/1077\/revisions\/2327"}],"wp:attachment":[{"href":"https:\/\/lloguers.kayakingcostabrava.com\/fr\/wp-json\/wp\/v2\/media?parent=1077"}],"curies":[{"name":"wp","href":"https:\/\/api.w.org\/{rel}","templated":true}]}}