{"id":1039,"date":"2021-04-24T20:20:58","date_gmt":"2021-04-24T18:20:58","guid":{"rendered":"https:\/\/lloguers.kayakingcostabrava.com\/?post_type=product&#038;p=1039"},"modified":"2025-07-18T15:50:44","modified_gmt":"2025-07-18T13:50:44","slug":"montgo-kayak-familiar","status":"publish","type":"product","link":"https:\/\/lloguers.kayakingcostabrava.com\/fr\/produit\/montgo-kayak-familiar\/","title":{"rendered":"Kayak Familial"},"content":{"rendered":"<p><strong>Cala Montg\u00f3<\/strong> situ\u00e9 dans le <strong>Parc Naturel du Montgr\u00ed, des \u00eeles Medes et du Baix Ter<\/strong> comprend la c\u00f4te du <strong>Massif de Montgr\u00ed<\/strong>, caract\u00e9ris\u00e9e par ses imposantes falaises ponctu\u00e9es de petites criques, crevasses, tunnels et grottes d\u2019une grande beaut\u00e9 qui donnent plein sens au nom de <strong>Costa Brava<\/strong>.<\/p>\n","protected":false},"excerpt":{"rendered":"<p><strong>Localisation:<\/strong> Montg\u00f3<\/p>\n<p><strong>Horaires:<\/strong>\u00a09h \u2013 19h<br \/>\n(*) Pendant les mois de juin et septembre, nous recommandons d\u2019appeler le bureau (972 773 806) pour v\u00e9rifier les horaires d\u2019ouverture.<\/p>\n<ul>\n<li><i>Pour 2 adultes et deux enfants de maximum 1 m<\/i><\/li>\n<\/ul>\n<p><strong>Des Prix:<\/strong><\/p>\n<ul>\n<li>1 heure: 28 \u20ac<\/li>\n<li>2 heures: 56 \u20ac<\/li>\n<li>Pack demie journ\u00e9e (3 \u00e0 4 heures): 75 \u20ac<\/li>\n<li>Pack 1 journ\u00e9e (5 \u00e0 9 heures): 115 \u20ac<\/li>\n<\/ul>\n","protected":false},"featured_media":1390,"comment_status":"closed","ping_status":"closed","template":"","meta":[],"product_brand":[],"product_cat":[69],"product_tag":[66],"class_list":{"0":"post-1039","1":"product","2":"type-product","3":"status-publish","4":"has-post-thumbnail","6":"product_cat-montgo","7":"product_tag-familiar-fr","8":"post","9":"with-featured-image","11":"first","12":"instock","13":"virtual","14":"taxable","15":"product-type-simple"},"_links":{"self":[{"href":"https:\/\/lloguers.kayakingcostabrava.com\/fr\/wp-json\/wp\/v2\/product\/1039","targetHints":{"allow":["GET"]}}],"collection":[{"href":"https:\/\/lloguers.kayakingcostabrava.com\/fr\/wp-json\/wp\/v2\/product"}],"about":[{"href":"https:\/\/lloguers.kayakingcostabrava.com\/fr\/wp-json\/wp\/v2\/types\/product"}],"replies":[{"embeddable":true,"href":"https:\/\/lloguers.kayakingcostabrava.com\/fr\/wp-json\/wp\/v2\/comments?post=1039"}],"wp:featuredmedia":[{"embeddable":true,"href":"https:\/\/lloguers.kayakingcostabrava.com\/fr\/wp-json\/wp\/v2\/media\/1390"}],"wp:attachment":[{"href":"https:\/\/lloguers.kayakingcostabrava.com\/fr\/wp-json\/wp\/v2\/media?parent=1039"}],"wp:term":[{"taxonomy":"product_brand","embeddable":true,"href":"https:\/\/lloguers.kayakingcostabrava.com\/fr\/wp-json\/wp\/v2\/product_brand?post=1039"},{"taxonomy":"product_cat","embeddable":true,"href":"https:\/\/lloguers.kayakingcostabrava.com\/fr\/wp-json\/wp\/v2\/product_cat?post=1039"},{"taxonomy":"product_tag","embeddable":true,"href":"https:\/\/lloguers.kayakingcostabrava.com\/fr\/wp-json\/wp\/v2\/product_tag?post=1039"}],"curies":[{"name":"wp","href":"https:\/\/api.w.org\/{rel}","templated":true}]}}