{"id":1144,"date":"2023-07-28T15:59:46","date_gmt":"2023-07-28T13:59:46","guid":{"rendered":"https:\/\/lloguers.kayakingcostabrava.com\/product\/paddle-individual\/"},"modified":"2025-07-10T16:26:31","modified_gmt":"2025-07-10T14:26:31","slug":"tamariu-paddle-individual","status":"publish","type":"product","link":"https:\/\/lloguers.kayakingcostabrava.com\/fr\/produit\/tamariu-paddle-individual\/","title":{"rendered":"Stand Up Paddle"},"content":{"rendered":"<p>La r\u00e9gion de <strong>Tamariu<\/strong>, caract\u00e9ris\u00e9e par une v\u00e9g\u00e9tation luxuriante, pr\u00e9sente une c\u00f4te d\u00e9coup\u00e9e par des criques profondes, des passages \u00e9troits et des grottes spectaculaires qui font de cet itin\u00e9raire une exp\u00e9rience inoubliable.<\/p>\n","protected":false},"excerpt":{"rendered":"<p><strong>Localisation:<\/strong> Tamariu<\/p>\n<p><strong>Horaires:<\/strong>\u00a09h* \u2013 19h<br \/>\n(*) Pendant les mois de juin et septembre, nous recommandons d\u2019appeler le bureau (972 773 806) pour v\u00e9rifier les horaires d\u2019ouverture.<\/p>\n<ul>\n<li><i>\u00c0 partir de 14 ans<\/i><\/li>\n<li><i>Si les mineurs sortent seuls, l\u2019autorisation d\u2019un adulte responsable est n\u00e9cessaire<\/i><\/li>\n<\/ul>\n<p><strong>Des Prix:<\/strong><\/p>\n<ul>\n<li>1 heure: 15 \u20ac<\/li>\n<li>2 heures: 30 \u20ac<\/li>\n<li>Pack demie journ\u00e9e (3 \u00e0 4 heures): 38 \u20ac<\/li>\n<li>Pack 1 journ\u00e9e (5 \u00e0 9 heures): 50 \u20ac<\/li>\n<\/ul>\n","protected":false},"featured_media":1439,"comment_status":"closed","ping_status":"closed","template":"","meta":[],"product_brand":[],"product_cat":[65],"product_tag":[56],"class_list":{"0":"post-1144","1":"product","2":"type-product","3":"status-publish","4":"has-post-thumbnail","6":"product_cat-tamariu-fr","7":"product_tag-individual-fr","8":"post","9":"with-featured-image","11":"first","12":"instock","13":"virtual","14":"taxable","15":"product-type-simple"},"_links":{"self":[{"href":"https:\/\/lloguers.kayakingcostabrava.com\/fr\/wp-json\/wp\/v2\/product\/1144","targetHints":{"allow":["GET"]}}],"collection":[{"href":"https:\/\/lloguers.kayakingcostabrava.com\/fr\/wp-json\/wp\/v2\/product"}],"about":[{"href":"https:\/\/lloguers.kayakingcostabrava.com\/fr\/wp-json\/wp\/v2\/types\/product"}],"replies":[{"embeddable":true,"href":"https:\/\/lloguers.kayakingcostabrava.com\/fr\/wp-json\/wp\/v2\/comments?post=1144"}],"wp:featuredmedia":[{"embeddable":true,"href":"https:\/\/lloguers.kayakingcostabrava.com\/fr\/wp-json\/wp\/v2\/media\/1439"}],"wp:attachment":[{"href":"https:\/\/lloguers.kayakingcostabrava.com\/fr\/wp-json\/wp\/v2\/media?parent=1144"}],"wp:term":[{"taxonomy":"product_brand","embeddable":true,"href":"https:\/\/lloguers.kayakingcostabrava.com\/fr\/wp-json\/wp\/v2\/product_brand?post=1144"},{"taxonomy":"product_cat","embeddable":true,"href":"https:\/\/lloguers.kayakingcostabrava.com\/fr\/wp-json\/wp\/v2\/product_cat?post=1144"},{"taxonomy":"product_tag","embeddable":true,"href":"https:\/\/lloguers.kayakingcostabrava.com\/fr\/wp-json\/wp\/v2\/product_tag?post=1144"}],"curies":[{"name":"wp","href":"https:\/\/api.w.org\/{rel}","templated":true}]}}