{"id":1146,"date":"2021-04-24T18:16:51","date_gmt":"2021-04-24T16:16:51","guid":{"rendered":"https:\/\/lloguers.kayakingcostabrava.com\/product\/kayak-familiar-3\/"},"modified":"2025-07-18T12:56:59","modified_gmt":"2025-07-18T10:56:59","slug":"platja-de-castell-kayak-familiar","status":"publish","type":"product","link":"https:\/\/lloguers.kayakingcostabrava.com\/fr\/produit\/platja-de-castell-kayak-familiar\/","title":{"rendered":"Kayak Familial"},"content":{"rendered":"<p>Au site de <strong>Castell \u2013 Cap Roig<\/strong> vous profiterez d\u2019un environnement unique et de l\u2019une des criques les plus paradisiaques et les plus vierges de toute la <strong>Costa Brava<\/strong>. Sauv\u00e9 in-extremis de l\u2019urbanisation, ce paysage m\u00e9diterran\u00e9en idyllique est heureusement pr\u00e9serv\u00e9 \u00e0 l\u2019heure actuelle.<\/p>\n","protected":false},"excerpt":{"rendered":"<p><strong>Localisation:<\/strong> Platja del Castell<\/p>\n<p><strong>Horaires:<\/strong>\u00a09h \u2013 19h<br \/>\n(*) Pendant les mois de juin et septembre, nous recommandons d\u2019appeler le bureau (972 773 806) pour v\u00e9rifier les horaires d\u2019ouverture.<\/p>\n<ul>\n<li><i>Pour 2 adultes et deux enfants de maximum 1 m<\/i><\/li>\n<\/ul>\n<p><strong>Des Prix:<\/strong><\/p>\n<ul>\n<li>1 heure: 28 \u20ac<\/li>\n<li>2 heures: 56 \u20ac<\/li>\n<li>Pack demie journ\u00e9e (3 \u00e0 4 heures): 75 \u20ac<\/li>\n<li>Pack 1 journ\u00e9e (5 \u00e0 9 heures): 115 \u20ac<\/li>\n<\/ul>\n","protected":false},"featured_media":1390,"comment_status":"closed","ping_status":"closed","template":"","meta":[],"product_brand":[],"product_cat":[58],"product_tag":[66],"class_list":{"0":"post-1146","1":"product","2":"type-product","3":"status-publish","4":"has-post-thumbnail","6":"product_cat-castell-palamos-fr","7":"product_tag-familiar-fr","8":"post","9":"with-featured-image","11":"first","12":"instock","13":"virtual","14":"taxable","15":"product-type-simple"},"_links":{"self":[{"href":"https:\/\/lloguers.kayakingcostabrava.com\/fr\/wp-json\/wp\/v2\/product\/1146","targetHints":{"allow":["GET"]}}],"collection":[{"href":"https:\/\/lloguers.kayakingcostabrava.com\/fr\/wp-json\/wp\/v2\/product"}],"about":[{"href":"https:\/\/lloguers.kayakingcostabrava.com\/fr\/wp-json\/wp\/v2\/types\/product"}],"replies":[{"embeddable":true,"href":"https:\/\/lloguers.kayakingcostabrava.com\/fr\/wp-json\/wp\/v2\/comments?post=1146"}],"wp:featuredmedia":[{"embeddable":true,"href":"https:\/\/lloguers.kayakingcostabrava.com\/fr\/wp-json\/wp\/v2\/media\/1390"}],"wp:attachment":[{"href":"https:\/\/lloguers.kayakingcostabrava.com\/fr\/wp-json\/wp\/v2\/media?parent=1146"}],"wp:term":[{"taxonomy":"product_brand","embeddable":true,"href":"https:\/\/lloguers.kayakingcostabrava.com\/fr\/wp-json\/wp\/v2\/product_brand?post=1146"},{"taxonomy":"product_cat","embeddable":true,"href":"https:\/\/lloguers.kayakingcostabrava.com\/fr\/wp-json\/wp\/v2\/product_cat?post=1146"},{"taxonomy":"product_tag","embeddable":true,"href":"https:\/\/lloguers.kayakingcostabrava.com\/fr\/wp-json\/wp\/v2\/product_tag?post=1146"}],"curies":[{"name":"wp","href":"https:\/\/api.w.org\/{rel}","templated":true}]}}