{"id":1158,"date":"2021-04-24T19:20:36","date_gmt":"2021-04-24T17:20:36","guid":{"rendered":"https:\/\/lloguers.kayakingcostabrava.com\/product\/kayak-doble\/"},"modified":"2025-07-10T17:44:49","modified_gmt":"2025-07-10T15:44:49","slug":"tamariu-kayak-doble","status":"publish","type":"product","link":"https:\/\/lloguers.kayakingcostabrava.com\/fr\/produit\/tamariu-kayak-doble\/","title":{"rendered":"Kayak Biplace"},"content":{"rendered":"<p>La r\u00e9gion de <strong>Tamariu<\/strong>, caract\u00e9ris\u00e9e par une v\u00e9g\u00e9tation luxuriante, pr\u00e9sente une c\u00f4te d\u00e9coup\u00e9e par des criques profondes, des passages \u00e9troits et des grottes spectaculaires qui font de cet itin\u00e9raire une exp\u00e9rience inoubliable.<\/p>\n","protected":false},"excerpt":{"rendered":"<p><strong>Localisation:<\/strong> Tamariu<\/p>\n<p><strong>Horaires:<\/strong>\u00a09h \u2013 19h<br \/>\n(*) Pendant les mois de juin et septembre, nous recommandons d\u2019appeler le bureau (972 773 806) pour v\u00e9rifier les horaires d\u2019ouverture.<br \/>\n<i><\/i><\/p>\n<p><strong>Des Prix:<\/strong><\/p>\n<ul>\n<li>1 heure: 21 \u20ac<\/li>\n<li>2 heures: 42 \u20ac<\/li>\n<li>Pack demie journ\u00e9e (3 \u00e0 4 heures): 55 \u20ac<\/li>\n<li>Pack 1 journ\u00e9e (5 \u00e0 9 heures): 83 \u20ac<\/li>\n<\/ul>\n","protected":false},"featured_media":1386,"comment_status":"closed","ping_status":"closed","template":"","meta":[],"product_brand":[],"product_cat":[65],"product_tag":[68],"class_list":{"0":"post-1158","1":"product","2":"type-product","3":"status-publish","4":"has-post-thumbnail","6":"product_cat-tamariu-fr","7":"product_tag-doble-fr","8":"post","9":"with-featured-image","11":"first","12":"instock","13":"virtual","14":"taxable","15":"product-type-simple"},"_links":{"self":[{"href":"https:\/\/lloguers.kayakingcostabrava.com\/fr\/wp-json\/wp\/v2\/product\/1158","targetHints":{"allow":["GET"]}}],"collection":[{"href":"https:\/\/lloguers.kayakingcostabrava.com\/fr\/wp-json\/wp\/v2\/product"}],"about":[{"href":"https:\/\/lloguers.kayakingcostabrava.com\/fr\/wp-json\/wp\/v2\/types\/product"}],"replies":[{"embeddable":true,"href":"https:\/\/lloguers.kayakingcostabrava.com\/fr\/wp-json\/wp\/v2\/comments?post=1158"}],"wp:featuredmedia":[{"embeddable":true,"href":"https:\/\/lloguers.kayakingcostabrava.com\/fr\/wp-json\/wp\/v2\/media\/1386"}],"wp:attachment":[{"href":"https:\/\/lloguers.kayakingcostabrava.com\/fr\/wp-json\/wp\/v2\/media?parent=1158"}],"wp:term":[{"taxonomy":"product_brand","embeddable":true,"href":"https:\/\/lloguers.kayakingcostabrava.com\/fr\/wp-json\/wp\/v2\/product_brand?post=1158"},{"taxonomy":"product_cat","embeddable":true,"href":"https:\/\/lloguers.kayakingcostabrava.com\/fr\/wp-json\/wp\/v2\/product_cat?post=1158"},{"taxonomy":"product_tag","embeddable":true,"href":"https:\/\/lloguers.kayakingcostabrava.com\/fr\/wp-json\/wp\/v2\/product_tag?post=1158"}],"curies":[{"name":"wp","href":"https:\/\/api.w.org\/{rel}","templated":true}]}}