{"id":1161,"date":"2021-04-24T19:06:05","date_gmt":"2021-04-24T17:06:05","guid":{"rendered":"https:\/\/lloguers.kayakingcostabrava.com\/product\/kayak-individual\/"},"modified":"2025-07-16T16:13:48","modified_gmt":"2025-07-16T14:13:48","slug":"tamariu-kayak-individual","status":"publish","type":"product","link":"https:\/\/lloguers.kayakingcostabrava.com\/fr\/produit\/tamariu-kayak-individual\/","title":{"rendered":"Kayak monoplace"},"content":{"rendered":"<p>La r\u00e9gion de <strong>Tamariu<\/strong>, caract\u00e9ris\u00e9e par une v\u00e9g\u00e9tation luxuriante, pr\u00e9sente une c\u00f4te d\u00e9coup\u00e9e par des criques profondes, des passages \u00e9troits et des grottes spectaculaires qui font de cet itin\u00e9raire une exp\u00e9rience inoubliable.<\/p>\n","protected":false},"excerpt":{"rendered":"<p><strong>Localisation:<\/strong> Tamariu<\/p>\n<p data-start=\"98\" data-end=\"292\"><strong data-start=\"125\" data-end=\"137\">Horaires<\/strong>\u00a0: * 9h \u2013 19h<br data-start=\"150\" data-end=\"153\" \/>(*) Pendant les mois de juin et septembre, nous vous recommandons d\u2019appeler le bureau (972 773 806) pour v\u00e9rifier les horaires d\u2019ouverture.<\/p>\n<ul>\n<li data-start=\"294\" data-end=\"404\"><em>\u00c0 partir de 14 ans<\/em><\/li>\n<li data-start=\"294\" data-end=\"404\"><em>Les mineurs doivent avoir une autorisation d\u2019un adulte responsable pour sortir seuls.<\/em><\/li>\n<\/ul>\n<p data-start=\"406\" data-end=\"418\"><strong data-start=\"406\" data-end=\"416\">Tarifs<\/strong>\u00a0:<\/p>\n<ul>\n<li data-start=\"422\" data-end=\"438\">1 heure : 15 \u20ac<\/li>\n<li data-start=\"422\" data-end=\"438\">2 heures : 30 \u20ac<\/li>\n<li data-start=\"461\" data-end=\"502\">Pack demi-journ\u00e9e (3 \u00e0 4 heures) : 38 \u20ac<\/li>\n<li data-start=\"505\" data-end=\"547\">Pack journ\u00e9e enti\u00e8re (5 \u00e0 9 heures) : 50 \u20ac<\/li>\n<\/ul>\n","protected":false},"featured_media":1394,"comment_status":"closed","ping_status":"closed","template":"","meta":[],"product_brand":[],"product_cat":[65],"product_tag":[56],"class_list":{"0":"post-1161","1":"product","2":"type-product","3":"status-publish","4":"has-post-thumbnail","6":"product_cat-tamariu-fr","7":"product_tag-individual-fr","8":"post","9":"with-featured-image","11":"first","12":"instock","13":"virtual","14":"taxable","15":"product-type-simple"},"_links":{"self":[{"href":"https:\/\/lloguers.kayakingcostabrava.com\/fr\/wp-json\/wp\/v2\/product\/1161","targetHints":{"allow":["GET"]}}],"collection":[{"href":"https:\/\/lloguers.kayakingcostabrava.com\/fr\/wp-json\/wp\/v2\/product"}],"about":[{"href":"https:\/\/lloguers.kayakingcostabrava.com\/fr\/wp-json\/wp\/v2\/types\/product"}],"replies":[{"embeddable":true,"href":"https:\/\/lloguers.kayakingcostabrava.com\/fr\/wp-json\/wp\/v2\/comments?post=1161"}],"wp:featuredmedia":[{"embeddable":true,"href":"https:\/\/lloguers.kayakingcostabrava.com\/fr\/wp-json\/wp\/v2\/media\/1394"}],"wp:attachment":[{"href":"https:\/\/lloguers.kayakingcostabrava.com\/fr\/wp-json\/wp\/v2\/media?parent=1161"}],"wp:term":[{"taxonomy":"product_brand","embeddable":true,"href":"https:\/\/lloguers.kayakingcostabrava.com\/fr\/wp-json\/wp\/v2\/product_brand?post=1161"},{"taxonomy":"product_cat","embeddable":true,"href":"https:\/\/lloguers.kayakingcostabrava.com\/fr\/wp-json\/wp\/v2\/product_cat?post=1161"},{"taxonomy":"product_tag","embeddable":true,"href":"https:\/\/lloguers.kayakingcostabrava.com\/fr\/wp-json\/wp\/v2\/product_tag?post=1161"}],"curies":[{"name":"wp","href":"https:\/\/api.w.org\/{rel}","templated":true}]}}